{"id":103,"date":"2024-12-30T21:54:28","date_gmt":"2024-12-30T21:54:28","guid":{"rendered":"https:\/\/matraveltransport.com\/?page_id=103"},"modified":"2025-04-22T02:33:07","modified_gmt":"2025-04-22T02:33:07","slug":"paquetes","status":"publish","type":"page","link":"https:\/\/matraveltransport.com\/index.php\/paquetes\/","title":{"rendered":"Tu viaje completo"},"content":{"rendered":"\n<div class=\"wp-block-group\"><div class=\"wp-block-group__inner-container is-layout-constrained wp-block-group-is-layout-constrained\">\n<h4 class=\"wp-block-heading p1\"><strong>Paquetes Todo Incluido: Transporte Privado y Hospedaje en los Mejores Destinos<\/strong>.<\/h4>\n\n\n\n<p class=\"p1\"><strong>Reservamos paquetes que incluyen transporte privado y hospedaje en los mejores destinos, asegurando una experiencia c\u00f3moda y sin complicaciones<\/strong>.<\/p>\n\n\n\n<p class=\"p1\"><strong><em>\u00a1Haz de tu escapada algo \u00fanico con Matravel Transport!<\/em><\/strong><\/p>\n<\/div><\/div>\n\n\n\n<p>PLAYAS <\/p>\n\n\n\n<p><\/p>\n\n\n\n<div class=\"wp-block-columns alignwide is-layout-flex wp-container-core-columns-is-layout-829b1d53 wp-block-columns-is-layout-flex\" style=\"margin-bottom:0\">\n<div class=\"wp-block-column has-text-color has-background has-link-color wp-elements-d505b16a1410c30df806b9b94fc6c885 is-layout-flow wp-block-column-is-layout-flow\" style=\"color:#000000;background:linear-gradient(135deg,rgb(251,220,60) 0%,rgb(255,105,0) 100%);padding-top:2em;padding-right:2em;padding-bottom:2em;padding-left:2em\">\n<h2 class=\"wp-block-heading has-text-align-center\" id=\"single\" style=\"font-size:40px\">1<\/h2>\n\n\n\n<p class=\"has-text-align-center has-normal-font-size\" style=\"line-height:1.5\"><strong>Salidas:<\/strong> Le\u00f3n, Irapuato, Dolores, Guanajuato, SMA.<\/p>\n\n\n\n<p class=\"has-text-align-center has-normal-font-size\" style=\"line-height:1.5\"> Destino:<strong> Puerto Vallarta <\/strong><\/p>\n\n\n\n<hr class=\"wp-block-separator has-text-color has-css-opacity has-background is-style-wide\" style=\"background-color:#000000;color:#000000\"\/>\n\n\n\n<ul class=\"wp-block-list has-normal-font-size\">\n<li>Transporte de lujo.<\/li>\n\n\n\n<li>Hospedaje en hoteles todo incluido.<\/li>\n<\/ul>\n\n\n\n<div class=\"wp-block-buttons alignfull is-horizontal is-content-justification-center is-layout-flex wp-container-core-buttons-is-layout-499968f5 wp-block-buttons-is-layout-flex\">\n<div class=\"wp-block-button has-custom-width wp-block-button__width-100\"><a class=\"wp-block-button__link has-white-color has-text-color has-background no-border-radius wp-element-button\" style=\"background-color:#000000\">$ Cotizar.<\/a><\/div>\n<\/div>\n<\/div>\n\n\n\n<div class=\"wp-block-column has-text-color has-background has-link-color wp-elements-7e228dcc6d7f7ea5a8739d1ee7b9610a is-layout-flow wp-block-column-is-layout-flow\" style=\"color:#000000;background:linear-gradient(135deg,rgb(252,185,0) 0%,rgb(251,220,60) 100%);padding-top:2em;padding-right:2em;padding-bottom:2em;padding-left:2em\">\n<h2 class=\"wp-block-heading has-text-align-center\" id=\"patron\" style=\"font-size:40px\">2<\/h2>\n\n\n\n<p class=\"has-text-align-center has-normal-font-size\"><strong>Salidas: <\/strong>Le\u00f3n, Irapuato, Dolores, Guanajuato, SMA.<\/p>\n\n\n\n<p class=\"has-text-align-center has-normal-font-size\">Destino: <strong>Ixtapa Zihuatanejo<\/strong>.<\/p>\n\n\n\n<hr class=\"wp-block-separator has-css-opacity is-style-wide\"\/>\n\n\n\n<ul class=\"wp-block-list has-normal-font-size\">\n<li>Transporte de lujo.<\/li>\n\n\n\n<li>Hospedaje en hoteles todo incluido.<\/li>\n<\/ul>\n\n\n\n<div class=\"wp-block-buttons alignfull is-horizontal is-content-justification-center is-layout-flex wp-container-core-buttons-is-layout-499968f5 wp-block-buttons-is-layout-flex\">\n<div class=\"wp-block-button has-custom-width wp-block-button__width-100\"><a class=\"wp-block-button__link has-white-color has-text-color has-background no-border-radius wp-element-button\" style=\"background-color:#000000\">$ Cotizar.<\/a><\/div>\n<\/div>\n<\/div>\n\n\n\n<div class=\"wp-block-column has-text-color has-background has-link-color wp-elements-7feda7e79c80db680465f36b29df01b0 is-layout-flow wp-block-column-is-layout-flow\" style=\"color:#000000;background:linear-gradient(135deg,rgb(252,185,0) 0%,rgb(251,220,60) 100%);padding-top:2em;padding-right:2em;padding-bottom:2em;padding-left:2em\">\n<h2 class=\"wp-block-heading has-text-align-center\" id=\"family\" style=\"font-size:40px\">3<\/h2>\n\n\n\n<p class=\"has-text-align-center has-normal-font-size\" style=\"line-height:1.5\"><strong>Salidas:<\/strong> Le\u00f3n, Irapuato, Dolores, Guanajuato, SMA.<\/p>\n\n\n\n<p class=\"has-text-align-center has-normal-font-size\" style=\"line-height:1.5\"> Destino:<strong> Mazatl\u00e1n<\/strong><\/p>\n\n\n\n<hr class=\"wp-block-separator has-css-opacity is-style-wide\"\/>\n\n\n\n<ul class=\"wp-block-list has-normal-font-size\">\n<li>Transporte de lujo.<\/li>\n\n\n\n<li>Hospedaje en hoteles todo incluido.<\/li>\n<\/ul>\n\n\n\n<div class=\"wp-block-buttons alignfull is-horizontal is-content-justification-center is-layout-flex wp-container-core-buttons-is-layout-499968f5 wp-block-buttons-is-layout-flex\">\n<div class=\"wp-block-button has-custom-width wp-block-button__width-100 is-style-fill\"><a class=\"wp-block-button__link has-white-color has-text-color has-background no-border-radius wp-element-button\" style=\"background-color:#000000\">$ Cotizar.<\/a><\/div>\n<\/div>\n<\/div>\n<\/div>\n\n\n\n<p>&nbsp;<\/p>\n\n\n\n<h4 class=\"wp-block-heading p1\">Principales ciudades Metr\u00f3poli.<\/h4>\n\n\n\n<p><\/p>\n\n\n\n<div class=\"wp-block-columns alignwide is-layout-flex wp-container-core-columns-is-layout-829b1d53 wp-block-columns-is-layout-flex\" style=\"margin-bottom:0\">\n<div class=\"wp-block-column has-luminous-vivid-amber-background-color has-text-color has-background has-link-color wp-elements-9cba289c76be8cf98b724dcb236426c0 is-layout-flow wp-block-column-is-layout-flow\" style=\"color:#000000;padding-top:2em;padding-right:2em;padding-bottom:2em;padding-left:2em\">\n<h2 class=\"wp-block-heading has-text-align-center\" id=\"family\" style=\"font-size:40px\"><strong>1<\/strong><\/h2>\n\n\n\n<p class=\"has-text-align-center has-normal-font-size\" style=\"line-height:1.5\"><strong>Salidas:<\/strong> Le\u00f3n, Irapuato, Dolores, Guanajuato, SMA.<\/p>\n\n\n\n<p class=\"has-text-align-center has-normal-font-size\" style=\"line-height:1.5\"> Destino:<strong> CDMX<\/strong><\/p>\n\n\n\n<hr class=\"wp-block-separator has-css-opacity is-style-wide\"\/>\n\n\n\n<ul class=\"wp-block-list has-normal-font-size\">\n<li>20 pasajeros<\/li>\n\n\n\n<li>16 pasajeros <\/li>\n\n\n\n<li>14 pasajeros <\/li>\n<\/ul>\n\n\n\n<div class=\"wp-block-buttons alignfull is-horizontal is-content-justification-center is-layout-flex wp-container-core-buttons-is-layout-499968f5 wp-block-buttons-is-layout-flex\">\n<div class=\"wp-block-button has-custom-width wp-block-button__width-100 is-style-fill\"><a class=\"wp-block-button__link has-white-color has-text-color has-background no-border-radius wp-element-button\" style=\"background-color:#000000\">$ Cotizar<\/a><\/div>\n<\/div>\n<\/div>\n\n\n\n<div class=\"wp-block-column has-text-color has-background has-link-color wp-elements-40a028c8313680ff65a155947300979e is-layout-flow wp-block-column-is-layout-flow\" style=\"color:#000000;background:linear-gradient(135deg,rgb(251,220,60) 0%,rgb(255,105,0) 100%);padding-top:2em;padding-right:2em;padding-bottom:2em;padding-left:2em\">\n<h2 class=\"wp-block-heading has-text-align-center\" id=\"single\" style=\"font-size:40px\"><strong>2<\/strong><\/h2>\n\n\n\n<p class=\"has-text-align-center has-normal-font-size\" style=\"line-height:1.5\"><strong>Salidas:<\/strong> Le\u00f3n, Irapuato, Dolores, Guanajuato, SMA.<\/p>\n\n\n\n<p class=\"has-text-align-center has-normal-font-size\" style=\"line-height:1.5\"> Destino: <strong>Guadalajara Jal.<\/strong><\/p>\n\n\n\n<hr class=\"wp-block-separator has-text-color has-css-opacity has-background is-style-wide\" style=\"background-color:#000000;color:#000000\"\/>\n\n\n\n<ul class=\"wp-block-list has-normal-font-size\">\n<li>20 pasajeros<\/li>\n\n\n\n<li>16 pasajeros <\/li>\n\n\n\n<li>14 pasajeros <\/li>\n<\/ul>\n\n\n\n<div class=\"wp-block-buttons alignfull is-horizontal is-content-justification-center is-layout-flex wp-container-core-buttons-is-layout-499968f5 wp-block-buttons-is-layout-flex\">\n<div class=\"wp-block-button has-custom-width wp-block-button__width-100\"><a class=\"wp-block-button__link has-white-color has-text-color has-background no-border-radius wp-element-button\" style=\"background-color:#000000\">$ Cotizar <\/a><\/div>\n<\/div>\n<\/div>\n\n\n\n<div class=\"wp-block-column has-text-color has-background has-link-color wp-elements-29524a1b67ce4b617c9914459d3ee4f9 is-layout-flow wp-block-column-is-layout-flow\" style=\"color:#000000;background:linear-gradient(135deg,rgb(252,185,0) 0%,rgb(251,220,60) 100%);padding-top:2em;padding-right:2em;padding-bottom:2em;padding-left:2em\">\n<h2 class=\"wp-block-heading has-text-align-center\" id=\"patron\" style=\"font-size:40px\"><strong>3<\/strong><\/h2>\n\n\n\n<p class=\"has-text-align-center has-normal-font-size\"><strong>Salidas:<\/strong> Le\u00f3n, Irapuato, Dolores, Guanajuato, SMA.<\/p>\n\n\n\n<p class=\"has-text-align-center has-normal-font-size\"> Destino: <strong>Monterrey N.L.<\/strong><\/p>\n\n\n\n<hr class=\"wp-block-separator has-css-opacity is-style-wide\"\/>\n\n\n\n<ul class=\"wp-block-list has-normal-font-size\">\n<li>20 pasajeros<\/li>\n\n\n\n<li>16 pasajeros <\/li>\n\n\n\n<li>14 pasajeros <\/li>\n<\/ul>\n\n\n\n<div class=\"wp-block-buttons alignfull is-horizontal is-content-justification-center is-layout-flex wp-container-core-buttons-is-layout-499968f5 wp-block-buttons-is-layout-flex\">\n<div class=\"wp-block-button has-custom-width wp-block-button__width-100\"><a class=\"wp-block-button__link has-white-color has-text-color has-background no-border-radius wp-element-button\" style=\"background-color:#000000\">$ Cotizar<\/a><\/div>\n<\/div>\n<\/div>\n<\/div>\n\n\n\n<p><\/p>\n\n\n\n<h5 class=\"wp-block-heading p1\">Principales Lugares tur\u00edsticos <br><\/h5>\n\n\n\n<div class=\"wp-block-columns alignwide is-layout-flex wp-container-core-columns-is-layout-829b1d53 wp-block-columns-is-layout-flex\" style=\"margin-bottom:0\">\n<div class=\"wp-block-column has-text-color has-background has-link-color wp-elements-d82a90c6bfc5f3b9288f1584f0be5df9 is-layout-flow wp-block-column-is-layout-flow\" style=\"color:#000000;background:linear-gradient(135deg,rgb(251,220,60) 0%,rgb(255,105,0) 100%);padding-top:2em;padding-right:2em;padding-bottom:2em;padding-left:2em\">\n<h2 class=\"wp-block-heading has-text-align-center\" id=\"single\" style=\"font-size:40px\"><strong>1<\/strong><\/h2>\n\n\n\n<p class=\"has-text-align-center has-normal-font-size\" style=\"line-height:1.5\"><strong>Salidas:<\/strong> Le\u00f3n, Irapuato, Dolores, Guanajuato, SMA.<\/p>\n\n\n\n<p class=\"has-text-align-center has-normal-font-size\" style=\"line-height:1.5\"> Destino: <strong>Tequila Jalisco<\/strong><\/p>\n\n\n\n<hr class=\"wp-block-separator has-text-color has-css-opacity has-background is-style-wide\" style=\"background-color:#000000;color:#000000\"\/>\n\n\n\n<ul class=\"wp-block-list has-normal-font-size\">\n<li>20 pasajeros<\/li>\n\n\n\n<li>16 pasajeros <\/li>\n\n\n\n<li>14 pasajeros<\/li>\n<\/ul>\n\n\n\n<div class=\"wp-block-buttons alignfull is-horizontal is-content-justification-center is-layout-flex wp-container-core-buttons-is-layout-499968f5 wp-block-buttons-is-layout-flex\">\n<div class=\"wp-block-button has-custom-width wp-block-button__width-100\"><a class=\"wp-block-button__link has-white-color has-text-color has-background no-border-radius wp-element-button\" style=\"background-color:#000000\">$Cotizar<\/a><\/div>\n<\/div>\n<\/div>\n\n\n\n<div class=\"wp-block-column has-text-color has-background has-link-color wp-elements-6e7090dc77d2352d486a449d93040493 is-layout-flow wp-block-column-is-layout-flow\" style=\"color:#000000;background:linear-gradient(135deg,rgb(252,185,0) 0%,rgb(251,220,60) 100%);padding-top:2em;padding-right:2em;padding-bottom:2em;padding-left:2em\">\n<h2 class=\"wp-block-heading has-text-align-center\" id=\"patron\" style=\"font-size:40px\"><strong>2<\/strong><\/h2>\n\n\n\n<p class=\"has-text-align-center has-normal-font-size\"><strong>Salidas:<\/strong> Le\u00f3n, Irapuato, Dolores, Guanajuato, SMA.<\/p>\n\n\n\n<p class=\"has-text-align-center has-normal-font-size\"> Destino:<strong> Mazamitla Jalisco<\/strong>.<\/p>\n\n\n\n<hr class=\"wp-block-separator has-css-opacity is-style-wide\"\/>\n\n\n\n<ul class=\"wp-block-list has-normal-font-size\">\n<li>20 pasajeros<\/li>\n\n\n\n<li>16 pasajeros <\/li>\n\n\n\n<li>14 pasajeros<\/li>\n<\/ul>\n\n\n\n<div class=\"wp-block-buttons alignfull is-horizontal is-content-justification-center is-layout-flex wp-container-core-buttons-is-layout-499968f5 wp-block-buttons-is-layout-flex\">\n<div class=\"wp-block-button has-custom-width wp-block-button__width-100\"><a class=\"wp-block-button__link has-white-color has-text-color has-background no-border-radius wp-element-button\" style=\"background-color:#000000\">$Cotizar<\/a><\/div>\n<\/div>\n<\/div>\n\n\n\n<div class=\"wp-block-column has-text-color has-background has-link-color wp-elements-6403ecd9a651c626516715ac2976e39a is-layout-flow wp-block-column-is-layout-flow\" style=\"color:#000000;background:linear-gradient(135deg,rgb(251,220,60) 0%,rgb(255,105,0) 100%);padding-top:2em;padding-right:2em;padding-bottom:2em;padding-left:2em\">\n<h2 class=\"wp-block-heading has-text-align-center\" id=\"single\" style=\"font-size:40px\"><strong>3<\/strong><\/h2>\n\n\n\n<p class=\"has-text-align-center has-normal-font-size\" style=\"line-height:1.5\"><strong>Salidas:<\/strong> Le\u00f3n, Irapuato, Dolores, Guanajuato, SMA.<\/p>\n\n\n\n<p class=\"has-text-align-center has-normal-font-size\" style=\"line-height:1.5\"> Destino:<strong> Huasteca potosina<\/strong> <\/p>\n\n\n\n<hr class=\"wp-block-separator has-text-color has-css-opacity has-background is-style-wide\" style=\"background-color:#000000;color:#000000\"\/>\n\n\n\n<ul class=\"wp-block-list has-normal-font-size\">\n<li>20 pasajeros<\/li>\n\n\n\n<li>16 pasajeros <\/li>\n\n\n\n<li>14 pasajeros<\/li>\n<\/ul>\n\n\n\n<div class=\"wp-block-buttons alignfull is-horizontal is-content-justification-center is-layout-flex wp-container-core-buttons-is-layout-499968f5 wp-block-buttons-is-layout-flex\">\n<div class=\"wp-block-button has-custom-width wp-block-button__width-100\"><a class=\"wp-block-button__link has-white-color has-text-color has-background no-border-radius wp-element-button\" style=\"background-color:#000000\">$Cotizar<\/a><\/div>\n<\/div>\n<\/div>\n<\/div>\n\n\n\n<p class=\"p1\"><\/p>\n\n\n\n<p class=\"p1\"><span style=\"color: #ffff00;\"><strong>RECUERDA QUE VIAJAMOS A CUALQUIER RINCON DE LA REPUBLICA MEXICANA.!<\/strong><\/span><\/p>\n\n\n\n<p class=\"p2\">Haz clic <a href=\"https:\/\/wa.link\/5evie6\">aqu\u00ed<\/a> para contactarnos v\u00eda WhatsApp<\/p>\n","protected":false},"excerpt":{"rendered":"<p>Paquetes Todo Incluido: Transporte Privado y Hospedaje en los Mejores Destinos. Reservamos paquetes que incluyen transporte privado y hospedaje en los mejores destinos, asegurando una experiencia c\u00f3moda y sin complicaciones. \u00a1Haz de tu escapada algo \u00fanico con Matravel Transport! PLAYAS 1 Salidas: Le\u00f3n, Irapuato, Dolores, Guanajuato, SMA. Destino: Puerto Vallarta 2 Salidas: Le\u00f3n, Irapuato, Dolores, [&hellip;]<\/p>\n","protected":false},"author":2,"featured_media":646,"parent":0,"menu_order":0,"comment_status":"closed","ping_status":"closed","template":"","meta":{"_joinchat":[],"footnotes":""},"class_list":["post-103","page","type-page","status-publish","has-post-thumbnail","hentry"],"yoast_head":"<!-- This site is optimized with the Yoast SEO plugin v24.2 - https:\/\/yoast.com\/wordpress\/plugins\/seo\/ -->\n<title>Tu viaje completo - Matravel Transport<\/title>\n<meta name=\"description\" content=\"Paquetes Todo Incluido: Transporte Privado y Hospedaje en los Mejores Destinos.\" \/>\n<meta name=\"robots\" content=\"index, follow, max-snippet:-1, max-image-preview:large, max-video-preview:-1\" \/>\n<link rel=\"canonical\" href=\"https:\/\/matraveltransport.com\/index.php\/paquetes\/\" \/>\n<meta property=\"og:locale\" content=\"es_ES\" \/>\n<meta property=\"og:type\" content=\"article\" \/>\n<meta property=\"og:title\" content=\"Tu viaje completo - Matravel Transport\" \/>\n<meta property=\"og:description\" content=\"Paquetes Todo Incluido: Transporte Privado y Hospedaje en los Mejores Destinos.\" \/>\n<meta property=\"og:url\" content=\"https:\/\/matraveltransport.com\/index.php\/paquetes\/\" \/>\n<meta property=\"og:site_name\" content=\"Matravel Transport\" \/>\n<meta property=\"article:publisher\" content=\"https:\/\/www.facebook.com\/matraveltransport\" \/>\n<meta property=\"article:modified_time\" content=\"2025-04-22T02:33:07+00:00\" \/>\n<meta property=\"og:image\" content=\"https:\/\/matraveltransport.com\/wp-content\/uploads\/2025\/01\/royal-holiday-malecon-demazatlan.jpeg\" \/>\n\t<meta property=\"og:image:width\" content=\"1280\" \/>\n\t<meta property=\"og:image:height\" content=\"640\" \/>\n\t<meta property=\"og:image:type\" content=\"image\/jpeg\" \/>\n<meta name=\"twitter:card\" content=\"summary_large_image\" \/>\n<meta name=\"twitter:label1\" content=\"Tiempo de lectura\" \/>\n\t<meta name=\"twitter:data1\" content=\"2 minutos\" \/>\n<script type=\"application\/ld+json\" class=\"yoast-schema-graph\">{\"@context\":\"https:\/\/schema.org\",\"@graph\":[{\"@type\":\"WebPage\",\"@id\":\"https:\/\/matraveltransport.com\/index.php\/paquetes\/\",\"url\":\"https:\/\/matraveltransport.com\/index.php\/paquetes\/\",\"name\":\"Tu viaje completo - Matravel Transport\",\"isPartOf\":{\"@id\":\"https:\/\/matraveltransport.com\/#website\"},\"primaryImageOfPage\":{\"@id\":\"https:\/\/matraveltransport.com\/index.php\/paquetes\/#primaryimage\"},\"image\":{\"@id\":\"https:\/\/matraveltransport.com\/index.php\/paquetes\/#primaryimage\"},\"thumbnailUrl\":\"https:\/\/matraveltransport.com\/wp-content\/uploads\/2025\/01\/royal-holiday-malecon-demazatlan.jpeg\",\"datePublished\":\"2024-12-30T21:54:28+00:00\",\"dateModified\":\"2025-04-22T02:33:07+00:00\",\"description\":\"Paquetes Todo Incluido: Transporte Privado y Hospedaje en los Mejores Destinos.\",\"breadcrumb\":{\"@id\":\"https:\/\/matraveltransport.com\/index.php\/paquetes\/#breadcrumb\"},\"inLanguage\":\"es\",\"potentialAction\":[{\"@type\":\"ReadAction\",\"target\":[\"https:\/\/matraveltransport.com\/index.php\/paquetes\/\"]}]},{\"@type\":\"ImageObject\",\"inLanguage\":\"es\",\"@id\":\"https:\/\/matraveltransport.com\/index.php\/paquetes\/#primaryimage\",\"url\":\"https:\/\/matraveltransport.com\/wp-content\/uploads\/2025\/01\/royal-holiday-malecon-demazatlan.jpeg\",\"contentUrl\":\"https:\/\/matraveltransport.com\/wp-content\/uploads\/2025\/01\/royal-holiday-malecon-demazatlan.jpeg\",\"width\":1280,\"height\":640},{\"@type\":\"BreadcrumbList\",\"@id\":\"https:\/\/matraveltransport.com\/index.php\/paquetes\/#breadcrumb\",\"itemListElement\":[{\"@type\":\"ListItem\",\"position\":1,\"name\":\"Portada\",\"item\":\"https:\/\/matraveltransport.com\/\"},{\"@type\":\"ListItem\",\"position\":2,\"name\":\"Tu viaje completo\"}]},{\"@type\":\"WebSite\",\"@id\":\"https:\/\/matraveltransport.com\/#website\",\"url\":\"https:\/\/matraveltransport.com\/\",\"name\":\"Matravel Transport\",\"description\":\"Transporte Exclusivo de pasajeros para viajes y traslados\",\"publisher\":{\"@id\":\"https:\/\/matraveltransport.com\/#organization\"},\"potentialAction\":[{\"@type\":\"SearchAction\",\"target\":{\"@type\":\"EntryPoint\",\"urlTemplate\":\"https:\/\/matraveltransport.com\/?s={search_term_string}\"},\"query-input\":{\"@type\":\"PropertyValueSpecification\",\"valueRequired\":true,\"valueName\":\"search_term_string\"}}],\"inLanguage\":\"es\"},{\"@type\":\"Organization\",\"@id\":\"https:\/\/matraveltransport.com\/#organization\",\"name\":\"Matravel Transport\",\"url\":\"https:\/\/matraveltransport.com\/\",\"logo\":{\"@type\":\"ImageObject\",\"inLanguage\":\"es\",\"@id\":\"https:\/\/matraveltransport.com\/#\/schema\/logo\/image\/\",\"url\":\"https:\/\/matraveltransport.com\/wp-content\/uploads\/2024\/12\/cropped-LOGOS-PNG-TRANSPARENTES-11.png\",\"contentUrl\":\"https:\/\/matraveltransport.com\/wp-content\/uploads\/2024\/12\/cropped-LOGOS-PNG-TRANSPARENTES-11.png\",\"width\":1651,\"height\":288,\"caption\":\"Matravel Transport\"},\"image\":{\"@id\":\"https:\/\/matraveltransport.com\/#\/schema\/logo\/image\/\"},\"sameAs\":[\"https:\/\/www.facebook.com\/matraveltransport\"]}]}<\/script>\n<!-- \/ Yoast SEO plugin. -->","yoast_head_json":{"title":"Tu viaje completo - Matravel Transport","description":"Paquetes Todo Incluido: Transporte Privado y Hospedaje en los Mejores Destinos.","robots":{"index":"index","follow":"follow","max-snippet":"max-snippet:-1","max-image-preview":"max-image-preview:large","max-video-preview":"max-video-preview:-1"},"canonical":"https:\/\/matraveltransport.com\/index.php\/paquetes\/","og_locale":"es_ES","og_type":"article","og_title":"Tu viaje completo - Matravel Transport","og_description":"Paquetes Todo Incluido: Transporte Privado y Hospedaje en los Mejores Destinos.","og_url":"https:\/\/matraveltransport.com\/index.php\/paquetes\/","og_site_name":"Matravel Transport","article_publisher":"https:\/\/www.facebook.com\/matraveltransport","article_modified_time":"2025-04-22T02:33:07+00:00","og_image":[{"width":1280,"height":640,"url":"https:\/\/matraveltransport.com\/wp-content\/uploads\/2025\/01\/royal-holiday-malecon-demazatlan.jpeg","type":"image\/jpeg"}],"twitter_card":"summary_large_image","twitter_misc":{"Tiempo de lectura":"2 minutos"},"schema":{"@context":"https:\/\/schema.org","@graph":[{"@type":"WebPage","@id":"https:\/\/matraveltransport.com\/index.php\/paquetes\/","url":"https:\/\/matraveltransport.com\/index.php\/paquetes\/","name":"Tu viaje completo - Matravel Transport","isPartOf":{"@id":"https:\/\/matraveltransport.com\/#website"},"primaryImageOfPage":{"@id":"https:\/\/matraveltransport.com\/index.php\/paquetes\/#primaryimage"},"image":{"@id":"https:\/\/matraveltransport.com\/index.php\/paquetes\/#primaryimage"},"thumbnailUrl":"https:\/\/matraveltransport.com\/wp-content\/uploads\/2025\/01\/royal-holiday-malecon-demazatlan.jpeg","datePublished":"2024-12-30T21:54:28+00:00","dateModified":"2025-04-22T02:33:07+00:00","description":"Paquetes Todo Incluido: Transporte Privado y Hospedaje en los Mejores Destinos.","breadcrumb":{"@id":"https:\/\/matraveltransport.com\/index.php\/paquetes\/#breadcrumb"},"inLanguage":"es","potentialAction":[{"@type":"ReadAction","target":["https:\/\/matraveltransport.com\/index.php\/paquetes\/"]}]},{"@type":"ImageObject","inLanguage":"es","@id":"https:\/\/matraveltransport.com\/index.php\/paquetes\/#primaryimage","url":"https:\/\/matraveltransport.com\/wp-content\/uploads\/2025\/01\/royal-holiday-malecon-demazatlan.jpeg","contentUrl":"https:\/\/matraveltransport.com\/wp-content\/uploads\/2025\/01\/royal-holiday-malecon-demazatlan.jpeg","width":1280,"height":640},{"@type":"BreadcrumbList","@id":"https:\/\/matraveltransport.com\/index.php\/paquetes\/#breadcrumb","itemListElement":[{"@type":"ListItem","position":1,"name":"Portada","item":"https:\/\/matraveltransport.com\/"},{"@type":"ListItem","position":2,"name":"Tu viaje completo"}]},{"@type":"WebSite","@id":"https:\/\/matraveltransport.com\/#website","url":"https:\/\/matraveltransport.com\/","name":"Matravel Transport","description":"Transporte Exclusivo de pasajeros para viajes y traslados","publisher":{"@id":"https:\/\/matraveltransport.com\/#organization"},"potentialAction":[{"@type":"SearchAction","target":{"@type":"EntryPoint","urlTemplate":"https:\/\/matraveltransport.com\/?s={search_term_string}"},"query-input":{"@type":"PropertyValueSpecification","valueRequired":true,"valueName":"search_term_string"}}],"inLanguage":"es"},{"@type":"Organization","@id":"https:\/\/matraveltransport.com\/#organization","name":"Matravel Transport","url":"https:\/\/matraveltransport.com\/","logo":{"@type":"ImageObject","inLanguage":"es","@id":"https:\/\/matraveltransport.com\/#\/schema\/logo\/image\/","url":"https:\/\/matraveltransport.com\/wp-content\/uploads\/2024\/12\/cropped-LOGOS-PNG-TRANSPARENTES-11.png","contentUrl":"https:\/\/matraveltransport.com\/wp-content\/uploads\/2024\/12\/cropped-LOGOS-PNG-TRANSPARENTES-11.png","width":1651,"height":288,"caption":"Matravel Transport"},"image":{"@id":"https:\/\/matraveltransport.com\/#\/schema\/logo\/image\/"},"sameAs":["https:\/\/www.facebook.com\/matraveltransport"]}]}},"jetpack_sharing_enabled":true,"_links":{"self":[{"href":"https:\/\/matraveltransport.com\/index.php\/wp-json\/wp\/v2\/pages\/103","targetHints":{"allow":["GET"]}}],"collection":[{"href":"https:\/\/matraveltransport.com\/index.php\/wp-json\/wp\/v2\/pages"}],"about":[{"href":"https:\/\/matraveltransport.com\/index.php\/wp-json\/wp\/v2\/types\/page"}],"author":[{"embeddable":true,"href":"https:\/\/matraveltransport.com\/index.php\/wp-json\/wp\/v2\/users\/2"}],"replies":[{"embeddable":true,"href":"https:\/\/matraveltransport.com\/index.php\/wp-json\/wp\/v2\/comments?post=103"}],"version-history":[{"count":45,"href":"https:\/\/matraveltransport.com\/index.php\/wp-json\/wp\/v2\/pages\/103\/revisions"}],"predecessor-version":[{"id":919,"href":"https:\/\/matraveltransport.com\/index.php\/wp-json\/wp\/v2\/pages\/103\/revisions\/919"}],"wp:featuredmedia":[{"embeddable":true,"href":"https:\/\/matraveltransport.com\/index.php\/wp-json\/wp\/v2\/media\/646"}],"wp:attachment":[{"href":"https:\/\/matraveltransport.com\/index.php\/wp-json\/wp\/v2\/media?parent=103"}],"curies":[{"name":"wp","href":"https:\/\/api.w.org\/{rel}","templated":true}]}}