{"id":105,"date":"2024-12-30T21:55:32","date_gmt":"2024-12-30T21:55:32","guid":{"rendered":"https:\/\/matraveltransport.com\/?page_id=105"},"modified":"2025-01-06T21:39:22","modified_gmt":"2025-01-06T21:39:22","slug":"descubre-guanajuato-y-san-miguel-de-allende","status":"publish","type":"page","link":"https:\/\/matraveltransport.com\/index.php\/descubre-guanajuato-y-san-miguel-de-allende\/","title":{"rendered":"Descubre Guanajuato y San Miguel de Allende"},"content":{"rendered":"<div class=\"wp-block-image is-style-rounded\">\n<figure class=\"alignright size-full is-resized\"><img loading=\"lazy\" decoding=\"async\" width=\"640\" height=\"640\" src=\"https:\/\/matraveltransport.com\/wp-content\/uploads\/2025\/01\/gto.jpg\" alt=\"\" class=\"wp-image-469\" style=\"width:325px\" srcset=\"https:\/\/matraveltransport.com\/wp-content\/uploads\/2025\/01\/gto.jpg 640w, https:\/\/matraveltransport.com\/wp-content\/uploads\/2025\/01\/gto-300x300.jpg 300w, https:\/\/matraveltransport.com\/wp-content\/uploads\/2025\/01\/gto-150x150.jpg 150w\" sizes=\"auto, (max-width: 640px) 100vw, 640px\" \/><\/figure>\n<\/div>\n\n\n<p class=\"p1\">Si est\u00e1s pensando en conocer Guanajuato y San Miguel de Allende:<\/p>\n\n\n\n<p class=\"p1\"><em><strong>\u00a1Nosotros te ayudamos a crear <span style=\"font-size: revert;\">el itinerario ideal para ti!<\/span><\/strong><\/em><\/p>\n\n\n\n<p class=\"p1\"><span style=\"font-size: revert;\"> Nos encargamos de todo lo relacionado al transporte: desde el <\/span>aeropuerto, hasta tu destino, y de vuelta al aeropuerto, garantizando un viaje c\u00f3modo y sin <span style=\"font-size: revert;\">preocupaciones. <\/span><\/p>\n\n\n\n<p class=\"p1\">Nuestro servicio est\u00e1 dise\u00f1ado para adaptarse a tu tipo de viaje, ya sea de negocios, turismo o <span style=\"font-size: revert;\">cualquier otra necesidad. Podemos organizar un itinerario completamente personalizado, que se <\/span><span style=\"font-size: revert;\">ajuste a tus intereses y horarios. <\/span><\/p>\n\n\n\n<h5 class=\"wp-block-heading p1\"><strong>\u00bfQu\u00e9 podemos ofrecerte?<\/strong><\/h5>\n\n\n\n<ul class=\"wp-block-list\">\n<li>\n<ul class=\"wp-block-list\">\n<li>Traslado desde el aeropuerto hacia Guanajuato, San Miguel de Allende o cualquier otro <span style=\"font-size: revert;\">destino.<\/span><\/li>\n\n\n\n<li><span style=\"font-size: revert;\">Itinerarios adaptados a tus gustos, con opciones tur\u00edsticas, culturales o de negocios.<\/span><\/li>\n\n\n\n<li>Viajes extendidos a otros destinos en el centro del pa\u00eds, como Tequila, Guadalajara, o incluso una escapada a las playas de Puerto Vallarta.<\/li>\n\n\n\n<li>Te llevamos hasta el aeropuerto m\u00e1s <span style=\"font-size: revert;\">cercano o el que prefieras.<\/span><\/li>\n<\/ul>\n<\/li>\n<\/ul>\n\n\n\n<h6 class=\"wp-block-heading p1\"><strong><em>\u00a1D\u00e9janos crear la experiencia perfecta para t\u00ed, sin preocupaciones!<\/em><\/strong><\/h6>\n\n\n\n<div class=\"wp-block-columns is-layout-flex wp-container-core-columns-is-layout-9d6595d7 wp-block-columns-is-layout-flex\">\n<div class=\"wp-block-column is-layout-flow wp-block-column-is-layout-flow\"><\/div>\n\n\n\n<div class=\"wp-block-column is-layout-flow wp-block-column-is-layout-flow\">\n<figure class=\"wp-block-image size-large is-style-rounded\"><img loading=\"lazy\" decoding=\"async\" width=\"1024\" height=\"1024\" src=\"https:\/\/matraveltransport.com\/wp-content\/uploads\/2025\/01\/hoteles-sma-hotel-el-recinto-foto-elrecintoluxuryhotel-1024x1024.jpeg\" alt=\"\" class=\"wp-image-691\" srcset=\"https:\/\/matraveltransport.com\/wp-content\/uploads\/2025\/01\/hoteles-sma-hotel-el-recinto-foto-elrecintoluxuryhotel-1024x1024.jpeg 1024w, https:\/\/matraveltransport.com\/wp-content\/uploads\/2025\/01\/hoteles-sma-hotel-el-recinto-foto-elrecintoluxuryhotel-300x300.jpeg 300w, https:\/\/matraveltransport.com\/wp-content\/uploads\/2025\/01\/hoteles-sma-hotel-el-recinto-foto-elrecintoluxuryhotel-150x150.jpeg 150w, https:\/\/matraveltransport.com\/wp-content\/uploads\/2025\/01\/hoteles-sma-hotel-el-recinto-foto-elrecintoluxuryhotel-768x768.jpeg 768w, https:\/\/matraveltransport.com\/wp-content\/uploads\/2025\/01\/hoteles-sma-hotel-el-recinto-foto-elrecintoluxuryhotel.jpeg 1080w\" sizes=\"auto, (max-width: 1024px) 100vw, 1024px\" \/><\/figure>\n\n\n\n<h5 class=\"wp-block-heading has-text-align-center\"><a href=\"https:\/\/matraveltransport.com\/index.php\/hoteles\/\" data-type=\"page\" data-id=\"689\">HOSPEDAJE<\/a><\/h5>\n<\/div>\n\n\n\n<div class=\"wp-block-column is-layout-flow wp-block-column-is-layout-flow\">\n<figure class=\"wp-block-image size-full is-style-rounded\"><img loading=\"lazy\" decoding=\"async\" width=\"960\" height=\"960\" src=\"https:\/\/matraveltransport.com\/wp-content\/uploads\/2025\/01\/Tour-de-cuatrimotos-en-Chochola-4.jpeg\" alt=\"\" class=\"wp-image-698\" srcset=\"https:\/\/matraveltransport.com\/wp-content\/uploads\/2025\/01\/Tour-de-cuatrimotos-en-Chochola-4.jpeg 960w, https:\/\/matraveltransport.com\/wp-content\/uploads\/2025\/01\/Tour-de-cuatrimotos-en-Chochola-4-300x300.jpeg 300w, https:\/\/matraveltransport.com\/wp-content\/uploads\/2025\/01\/Tour-de-cuatrimotos-en-Chochola-4-150x150.jpeg 150w, https:\/\/matraveltransport.com\/wp-content\/uploads\/2025\/01\/Tour-de-cuatrimotos-en-Chochola-4-768x768.jpeg 768w\" sizes=\"auto, (max-width: 960px) 100vw, 960px\" \/><\/figure>\n\n\n\n<h5 class=\"wp-block-heading has-text-align-center\"><a href=\"https:\/\/matraveltransport.com\/index.php\/actividades\/\" data-type=\"page\" data-id=\"696\">ACTIVIDADES<\/a><\/h5>\n<\/div>\n\n\n\n<div class=\"wp-block-column is-layout-flow wp-block-column-is-layout-flow\"><\/div>\n<\/div>\n","protected":false},"excerpt":{"rendered":"<p>Si est\u00e1s pensando en conocer Guanajuato y San Miguel de Allende: \u00a1Nosotros te ayudamos a crear el itinerario ideal para ti! Nos encargamos de todo lo relacionado al transporte: desde el aeropuerto, hasta tu destino, y de vuelta al aeropuerto, garantizando un viaje c\u00f3modo y sin preocupaciones. Nuestro servicio est\u00e1 dise\u00f1ado para adaptarse a tu [&hellip;]<\/p>\n","protected":false},"author":2,"featured_media":74,"parent":0,"menu_order":0,"comment_status":"closed","ping_status":"closed","template":"","meta":{"_joinchat":[],"footnotes":""},"class_list":["post-105","page","type-page","status-publish","has-post-thumbnail","hentry"],"yoast_head":"<!-- This site is optimized with the Yoast SEO plugin v24.2 - https:\/\/yoast.com\/wordpress\/plugins\/seo\/ -->\n<title>Descubre Guanajuato y San Miguel de Allende - Matravel Transport<\/title>\n<meta name=\"robots\" content=\"index, follow, max-snippet:-1, max-image-preview:large, max-video-preview:-1\" \/>\n<link rel=\"canonical\" href=\"https:\/\/matraveltransport.com\/index.php\/descubre-guanajuato-y-san-miguel-de-allende\/\" \/>\n<meta property=\"og:locale\" content=\"es_ES\" \/>\n<meta property=\"og:type\" content=\"article\" \/>\n<meta property=\"og:title\" content=\"Descubre Guanajuato y San Miguel de Allende - Matravel Transport\" \/>\n<meta property=\"og:description\" content=\"Si est\u00e1s pensando en conocer Guanajuato y San Miguel de Allende: \u00a1Nosotros te ayudamos a crear el itinerario ideal para ti! Nos encargamos de todo lo relacionado al transporte: desde el aeropuerto, hasta tu destino, y de vuelta al aeropuerto, garantizando un viaje c\u00f3modo y sin preocupaciones. Nuestro servicio est\u00e1 dise\u00f1ado para adaptarse a tu [&hellip;]\" \/>\n<meta property=\"og:url\" content=\"https:\/\/matraveltransport.com\/index.php\/descubre-guanajuato-y-san-miguel-de-allende\/\" \/>\n<meta property=\"og:site_name\" content=\"Matravel Transport\" \/>\n<meta property=\"article:publisher\" content=\"https:\/\/www.facebook.com\/matraveltransport\" \/>\n<meta property=\"article:modified_time\" content=\"2025-01-06T21:39:22+00:00\" \/>\n<meta property=\"og:image\" content=\"https:\/\/matraveltransport.com\/wp-content\/uploads\/2024\/12\/premium_photo-1697729800872-866107ce82c4-scaled.jpeg\" \/>\n\t<meta property=\"og:image:width\" content=\"2560\" \/>\n\t<meta property=\"og:image:height\" content=\"1274\" \/>\n\t<meta property=\"og:image:type\" content=\"image\/jpeg\" \/>\n<meta name=\"twitter:card\" content=\"summary_large_image\" \/>\n<meta name=\"twitter:label1\" content=\"Tiempo de lectura\" \/>\n\t<meta name=\"twitter:data1\" content=\"1 minuto\" \/>\n<script type=\"application\/ld+json\" class=\"yoast-schema-graph\">{\"@context\":\"https:\/\/schema.org\",\"@graph\":[{\"@type\":\"WebPage\",\"@id\":\"https:\/\/matraveltransport.com\/index.php\/descubre-guanajuato-y-san-miguel-de-allende\/\",\"url\":\"https:\/\/matraveltransport.com\/index.php\/descubre-guanajuato-y-san-miguel-de-allende\/\",\"name\":\"Descubre Guanajuato y San Miguel de Allende - Matravel Transport\",\"isPartOf\":{\"@id\":\"https:\/\/matraveltransport.com\/#website\"},\"primaryImageOfPage\":{\"@id\":\"https:\/\/matraveltransport.com\/index.php\/descubre-guanajuato-y-san-miguel-de-allende\/#primaryimage\"},\"image\":{\"@id\":\"https:\/\/matraveltransport.com\/index.php\/descubre-guanajuato-y-san-miguel-de-allende\/#primaryimage\"},\"thumbnailUrl\":\"https:\/\/matraveltransport.com\/wp-content\/uploads\/2024\/12\/premium_photo-1697729800872-866107ce82c4-scaled.jpeg\",\"datePublished\":\"2024-12-30T21:55:32+00:00\",\"dateModified\":\"2025-01-06T21:39:22+00:00\",\"breadcrumb\":{\"@id\":\"https:\/\/matraveltransport.com\/index.php\/descubre-guanajuato-y-san-miguel-de-allende\/#breadcrumb\"},\"inLanguage\":\"es\",\"potentialAction\":[{\"@type\":\"ReadAction\",\"target\":[\"https:\/\/matraveltransport.com\/index.php\/descubre-guanajuato-y-san-miguel-de-allende\/\"]}]},{\"@type\":\"ImageObject\",\"inLanguage\":\"es\",\"@id\":\"https:\/\/matraveltransport.com\/index.php\/descubre-guanajuato-y-san-miguel-de-allende\/#primaryimage\",\"url\":\"https:\/\/matraveltransport.com\/wp-content\/uploads\/2024\/12\/premium_photo-1697729800872-866107ce82c4-scaled.jpeg\",\"contentUrl\":\"https:\/\/matraveltransport.com\/wp-content\/uploads\/2024\/12\/premium_photo-1697729800872-866107ce82c4-scaled.jpeg\",\"width\":2560,\"height\":1274},{\"@type\":\"BreadcrumbList\",\"@id\":\"https:\/\/matraveltransport.com\/index.php\/descubre-guanajuato-y-san-miguel-de-allende\/#breadcrumb\",\"itemListElement\":[{\"@type\":\"ListItem\",\"position\":1,\"name\":\"Portada\",\"item\":\"https:\/\/matraveltransport.com\/\"},{\"@type\":\"ListItem\",\"position\":2,\"name\":\"Descubre Guanajuato y San Miguel de Allende\"}]},{\"@type\":\"WebSite\",\"@id\":\"https:\/\/matraveltransport.com\/#website\",\"url\":\"https:\/\/matraveltransport.com\/\",\"name\":\"Matravel Transport\",\"description\":\"Transporte Exclusivo de pasajeros para viajes y traslados\",\"publisher\":{\"@id\":\"https:\/\/matraveltransport.com\/#organization\"},\"potentialAction\":[{\"@type\":\"SearchAction\",\"target\":{\"@type\":\"EntryPoint\",\"urlTemplate\":\"https:\/\/matraveltransport.com\/?s={search_term_string}\"},\"query-input\":{\"@type\":\"PropertyValueSpecification\",\"valueRequired\":true,\"valueName\":\"search_term_string\"}}],\"inLanguage\":\"es\"},{\"@type\":\"Organization\",\"@id\":\"https:\/\/matraveltransport.com\/#organization\",\"name\":\"Matravel Transport\",\"url\":\"https:\/\/matraveltransport.com\/\",\"logo\":{\"@type\":\"ImageObject\",\"inLanguage\":\"es\",\"@id\":\"https:\/\/matraveltransport.com\/#\/schema\/logo\/image\/\",\"url\":\"https:\/\/matraveltransport.com\/wp-content\/uploads\/2024\/12\/cropped-LOGOS-PNG-TRANSPARENTES-11.png\",\"contentUrl\":\"https:\/\/matraveltransport.com\/wp-content\/uploads\/2024\/12\/cropped-LOGOS-PNG-TRANSPARENTES-11.png\",\"width\":1651,\"height\":288,\"caption\":\"Matravel Transport\"},\"image\":{\"@id\":\"https:\/\/matraveltransport.com\/#\/schema\/logo\/image\/\"},\"sameAs\":[\"https:\/\/www.facebook.com\/matraveltransport\"]}]}<\/script>\n<!-- \/ Yoast SEO plugin. -->","yoast_head_json":{"title":"Descubre Guanajuato y San Miguel de Allende - Matravel Transport","robots":{"index":"index","follow":"follow","max-snippet":"max-snippet:-1","max-image-preview":"max-image-preview:large","max-video-preview":"max-video-preview:-1"},"canonical":"https:\/\/matraveltransport.com\/index.php\/descubre-guanajuato-y-san-miguel-de-allende\/","og_locale":"es_ES","og_type":"article","og_title":"Descubre Guanajuato y San Miguel de Allende - Matravel Transport","og_description":"Si est\u00e1s pensando en conocer Guanajuato y San Miguel de Allende: \u00a1Nosotros te ayudamos a crear el itinerario ideal para ti! Nos encargamos de todo lo relacionado al transporte: desde el aeropuerto, hasta tu destino, y de vuelta al aeropuerto, garantizando un viaje c\u00f3modo y sin preocupaciones. Nuestro servicio est\u00e1 dise\u00f1ado para adaptarse a tu [&hellip;]","og_url":"https:\/\/matraveltransport.com\/index.php\/descubre-guanajuato-y-san-miguel-de-allende\/","og_site_name":"Matravel Transport","article_publisher":"https:\/\/www.facebook.com\/matraveltransport","article_modified_time":"2025-01-06T21:39:22+00:00","og_image":[{"width":2560,"height":1274,"url":"https:\/\/matraveltransport.com\/wp-content\/uploads\/2024\/12\/premium_photo-1697729800872-866107ce82c4-scaled.jpeg","type":"image\/jpeg"}],"twitter_card":"summary_large_image","twitter_misc":{"Tiempo de lectura":"1 minuto"},"schema":{"@context":"https:\/\/schema.org","@graph":[{"@type":"WebPage","@id":"https:\/\/matraveltransport.com\/index.php\/descubre-guanajuato-y-san-miguel-de-allende\/","url":"https:\/\/matraveltransport.com\/index.php\/descubre-guanajuato-y-san-miguel-de-allende\/","name":"Descubre Guanajuato y San Miguel de Allende - Matravel Transport","isPartOf":{"@id":"https:\/\/matraveltransport.com\/#website"},"primaryImageOfPage":{"@id":"https:\/\/matraveltransport.com\/index.php\/descubre-guanajuato-y-san-miguel-de-allende\/#primaryimage"},"image":{"@id":"https:\/\/matraveltransport.com\/index.php\/descubre-guanajuato-y-san-miguel-de-allende\/#primaryimage"},"thumbnailUrl":"https:\/\/matraveltransport.com\/wp-content\/uploads\/2024\/12\/premium_photo-1697729800872-866107ce82c4-scaled.jpeg","datePublished":"2024-12-30T21:55:32+00:00","dateModified":"2025-01-06T21:39:22+00:00","breadcrumb":{"@id":"https:\/\/matraveltransport.com\/index.php\/descubre-guanajuato-y-san-miguel-de-allende\/#breadcrumb"},"inLanguage":"es","potentialAction":[{"@type":"ReadAction","target":["https:\/\/matraveltransport.com\/index.php\/descubre-guanajuato-y-san-miguel-de-allende\/"]}]},{"@type":"ImageObject","inLanguage":"es","@id":"https:\/\/matraveltransport.com\/index.php\/descubre-guanajuato-y-san-miguel-de-allende\/#primaryimage","url":"https:\/\/matraveltransport.com\/wp-content\/uploads\/2024\/12\/premium_photo-1697729800872-866107ce82c4-scaled.jpeg","contentUrl":"https:\/\/matraveltransport.com\/wp-content\/uploads\/2024\/12\/premium_photo-1697729800872-866107ce82c4-scaled.jpeg","width":2560,"height":1274},{"@type":"BreadcrumbList","@id":"https:\/\/matraveltransport.com\/index.php\/descubre-guanajuato-y-san-miguel-de-allende\/#breadcrumb","itemListElement":[{"@type":"ListItem","position":1,"name":"Portada","item":"https:\/\/matraveltransport.com\/"},{"@type":"ListItem","position":2,"name":"Descubre Guanajuato y San Miguel de Allende"}]},{"@type":"WebSite","@id":"https:\/\/matraveltransport.com\/#website","url":"https:\/\/matraveltransport.com\/","name":"Matravel Transport","description":"Transporte Exclusivo de pasajeros para viajes y traslados","publisher":{"@id":"https:\/\/matraveltransport.com\/#organization"},"potentialAction":[{"@type":"SearchAction","target":{"@type":"EntryPoint","urlTemplate":"https:\/\/matraveltransport.com\/?s={search_term_string}"},"query-input":{"@type":"PropertyValueSpecification","valueRequired":true,"valueName":"search_term_string"}}],"inLanguage":"es"},{"@type":"Organization","@id":"https:\/\/matraveltransport.com\/#organization","name":"Matravel Transport","url":"https:\/\/matraveltransport.com\/","logo":{"@type":"ImageObject","inLanguage":"es","@id":"https:\/\/matraveltransport.com\/#\/schema\/logo\/image\/","url":"https:\/\/matraveltransport.com\/wp-content\/uploads\/2024\/12\/cropped-LOGOS-PNG-TRANSPARENTES-11.png","contentUrl":"https:\/\/matraveltransport.com\/wp-content\/uploads\/2024\/12\/cropped-LOGOS-PNG-TRANSPARENTES-11.png","width":1651,"height":288,"caption":"Matravel Transport"},"image":{"@id":"https:\/\/matraveltransport.com\/#\/schema\/logo\/image\/"},"sameAs":["https:\/\/www.facebook.com\/matraveltransport"]}]}},"jetpack_sharing_enabled":true,"_links":{"self":[{"href":"https:\/\/matraveltransport.com\/index.php\/wp-json\/wp\/v2\/pages\/105","targetHints":{"allow":["GET"]}}],"collection":[{"href":"https:\/\/matraveltransport.com\/index.php\/wp-json\/wp\/v2\/pages"}],"about":[{"href":"https:\/\/matraveltransport.com\/index.php\/wp-json\/wp\/v2\/types\/page"}],"author":[{"embeddable":true,"href":"https:\/\/matraveltransport.com\/index.php\/wp-json\/wp\/v2\/users\/2"}],"replies":[{"embeddable":true,"href":"https:\/\/matraveltransport.com\/index.php\/wp-json\/wp\/v2\/comments?post=105"}],"version-history":[{"count":41,"href":"https:\/\/matraveltransport.com\/index.php\/wp-json\/wp\/v2\/pages\/105\/revisions"}],"predecessor-version":[{"id":704,"href":"https:\/\/matraveltransport.com\/index.php\/wp-json\/wp\/v2\/pages\/105\/revisions\/704"}],"wp:featuredmedia":[{"embeddable":true,"href":"https:\/\/matraveltransport.com\/index.php\/wp-json\/wp\/v2\/media\/74"}],"wp:attachment":[{"href":"https:\/\/matraveltransport.com\/index.php\/wp-json\/wp\/v2\/media?parent=105"}],"curies":[{"name":"wp","href":"https:\/\/api.w.org\/{rel}","templated":true}]}}