{"id":39,"date":"2024-12-27T00:51:03","date_gmt":"2024-12-27T00:51:03","guid":{"rendered":"https:\/\/matraveltransport.com\/?page_id=39"},"modified":"2025-01-06T03:15:06","modified_gmt":"2025-01-06T03:15:06","slug":"contacto","status":"publish","type":"page","link":"https:\/\/matraveltransport.com\/index.php\/contacto\/","title":{"rendered":"Contacto"},"content":{"rendered":"<p><img loading=\"lazy\" decoding=\"async\" class=\"alignleft wp-image-208\" src=\"https:\/\/matraveltransport.com\/wp-content\/uploads\/2025\/01\/\u2014Pngtree\u2014calling-chat-line-icon-vector_5199540-300x300.png\" alt=\"\" width=\"175\" height=\"175\" srcset=\"https:\/\/matraveltransport.com\/wp-content\/uploads\/2025\/01\/\u2014Pngtree\u2014calling-chat-line-icon-vector_5199540-300x300.png 300w, https:\/\/matraveltransport.com\/wp-content\/uploads\/2025\/01\/\u2014Pngtree\u2014calling-chat-line-icon-vector_5199540-1024x1024.png 1024w, https:\/\/matraveltransport.com\/wp-content\/uploads\/2025\/01\/\u2014Pngtree\u2014calling-chat-line-icon-vector_5199540-150x150.png 150w, https:\/\/matraveltransport.com\/wp-content\/uploads\/2025\/01\/\u2014Pngtree\u2014calling-chat-line-icon-vector_5199540-768x768.png 768w, https:\/\/matraveltransport.com\/wp-content\/uploads\/2025\/01\/\u2014Pngtree\u2014calling-chat-line-icon-vector_5199540-1536x1536.png 1536w, https:\/\/matraveltransport.com\/wp-content\/uploads\/2025\/01\/\u2014Pngtree\u2014calling-chat-line-icon-vector_5199540-2048x2048.png 2048w\" sizes=\"auto, (max-width: 175px) 100vw, 175px\" \/><\/p>\n<p class=\"p1\"><strong><em>\u00a1Estamos aqu\u00ed para hacer de tu experiencia de viaje algo excepcional!<\/em><\/strong><\/p>\n<p class=\"p1\">Si tienes preguntas o necesitas m\u00e1s informaci\u00f3n, no dudes en ponerte en contacto con nosotros. Nuestro equipo est\u00e1 listo para ayudarte de manera r\u00e1pida, sencilla y sin complicaciones.<\/p>\n<address><i class=\"fa fa-facebook\"><\/i><a href=\"https:\/\/www.facebook.com\/matraveltransport\">Matravel Transport<\/a>\u00a0 \u00a0\u00a0<i class=\"fa fa-instagram\"><\/i><a href=\"https:\/\/www.facebook.com\/matraveltransport\">Matravel Transport<\/a>\u00a0 \u00a0\u00a0<i class=\"fa fa-envelope-o\"><\/i><a href=\"mailto:hola@matraveltransport.com\">hola@matraveltransport.com<\/a>\u00a0 \u00a0<i class=\"fa fa-phone\"><\/i><a href=\"tel:+473 163 6446\">+473 163 6446<\/a><\/address>\n<p class=\"p1\"><strong><em>\u00a1Tu pr\u00f3xima aventura comienza aqu\u00ed!<\/em><\/strong><\/p>\n<h5><\/h5>\n<h5 class=\"p1\">Hazlos a trav\u00e9s de este sencillo formulario:<\/h5>\n<noscript class=\"ninja-forms-noscript-message\">\n\tAviso: Se requiere JavaScript para este contenido.<\/noscript>\n<div id=\"nf-form-4-cont\" class=\"nf-form-cont\" aria-live=\"polite\" aria-labelledby=\"nf-form-title-4\" aria-describedby=\"nf-form-errors-4\" role=\"form\">\n\n    <div class=\"nf-loading-spinner\"><\/div>\n\n<\/div>\n        <!-- That data is being printed as a workaround to page builders reordering the order of the scripts loaded-->\n        <script>var formDisplay=1;var nfForms=nfForms||[];var form=[];form.id='4';form.settings={\"objectType\":\"Form Setting\",\"editActive\":false,\"title\":\"\",\"show_title\":1,\"allow_public_link\":0,\"embed_form\":\"\",\"clear_complete\":1,\"hide_complete\":1,\"default_label_pos\":\"above\",\"wrapper_class\":\"\",\"element_class\":\"\",\"form_title_heading_level\":\"3\",\"key\":\"\",\"add_submit\":0,\"currency\":\"\",\"unique_field_error\":\"Ya se ha enviado un formulario con este valor.\",\"logged_in\":false,\"not_logged_in_msg\":\"\",\"sub_limit_msg\":\"Has alcanzado el l\\u00edmite de env\\u00edos en el formulario.\",\"calculations\":[],\"formContentData\":[\"firstname_1735872710401\",\"email_1735872745892\",\"phone_1735872720616\",\"mensaje_1735872738399\",\"submit_1735872777207\"],\"ninjaForms\":\"Ninja Forms\",\"changeEmailErrorMsg\":\"Introduce una direcci\\u00f3n de correo electr\\u00f3nico v\\u00e1lida.\",\"changeDateErrorMsg\":\"\\u00a1Introduce una fecha v\\u00e1lida!\",\"confirmFieldErrorMsg\":\"Estos campos deben coincidir.\",\"fieldNumberNumMinError\":\"Error de n\\u00famero m\\u00ednimo\",\"fieldNumberNumMaxError\":\"Error de n\\u00famero m\\u00e1ximo\",\"fieldNumberIncrementBy\":\"Increm\\u00e9ntalo por \",\"fieldTextareaRTEInsertLink\":\"Insertar enlace\",\"fieldTextareaRTEInsertMedia\":\"Insertar medios\",\"fieldTextareaRTESelectAFile\":\"Seleccione un archivo\",\"formErrorsCorrectErrors\":\"Corrige los errores antes de enviar este formulario.\",\"formHoneypot\":\"Si eres un ser humano y est\\u00e1s viendo este campo, por favor d\\u00e9jalo vac\\u00edo.\",\"validateRequiredField\":\"Esto es un campo obligatorio.\",\"honeypotHoneypotError\":\"Error de Honeypot\",\"fileUploadOldCodeFileUploadInProgress\":\"Subida de archivo en curso.\",\"fileUploadOldCodeFileUpload\":\"SUBIDA DE ARCHIVO\",\"currencySymbol\":false,\"fieldsMarkedRequired\":\"Los campos marcados con <span class=\\\"ninja-forms-req-symbol\\\">*<\\\/span> son obligatorios\",\"thousands_sep\":\".\",\"decimal_point\":\",\",\"siteLocale\":\"es_ES\",\"dateFormat\":\"m\\\/d\\\/Y\",\"startOfWeek\":\"1\",\"of\":\"de\",\"previousMonth\":\"Mes anterior\",\"nextMonth\":\"Pr\\u00f3ximo mes\",\"months\":[\"Enero\",\"Febrero\",\"Marzo\",\"Abril\",\"Mayo\",\"Junio\",\"Julio\",\"Agosto\",\"Septiembre\",\"Octubre\",\"Noviembre\",\"Diciembre\"],\"monthsShort\":[\"Ene\",\"Feb\",\"Mar\",\"Abr\",\"Mayo\",\"Jun\",\"Jul\",\"Ago\",\"Sep\",\"Oct\",\"Nov\",\"Dic\"],\"weekdays\":[\"Domingo\",\"Lunes\",\"Martes\",\"Mi\\u00e9rcoles\",\"Jueves\",\"Viernes\",\"S\\u00e1bado\"],\"weekdaysShort\":[\"Dom\",\"Lun\",\"Mar\",\"Mi\\u00e9\",\"Jue\",\"Vie\",\"S\\u00e1b\"],\"weekdaysMin\":[\"Do\",\"Lu\",\"Ma\",\"Mi\",\"Ju\",\"Vi\",\"S\\u00e1\"],\"recaptchaConsentMissing\":\"reCaptcha validation couldn&#039;t load.\",\"recaptchaMissingCookie\":\"reCaptcha v3 validation couldn&#039;t load the cookie needed to submit the form.\",\"recaptchaConsentEvent\":\"Accept reCaptcha cookies before sending the form.\",\"currency_symbol\":\"\",\"beforeForm\":\"\",\"beforeFields\":\"\",\"afterFields\":\"\",\"afterForm\":\"\"};form.fields=[{\"objectType\":\"Field\",\"objectDomain\":\"fields\",\"editActive\":false,\"order\":1,\"idAttribute\":\"id\",\"type\":\"firstname\",\"label\":\"Nombre\",\"key\":\"firstname_1735872710401\",\"label_pos\":\"above\",\"required\":1,\"default\":\"\",\"placeholder\":\"\",\"container_class\":\"\",\"element_class\":\"\",\"admin_label\":\"\",\"help_text\":\"\",\"custom_name_attribute\":\"fname\",\"personally_identifiable\":1,\"value\":\"\",\"id\":24,\"beforeField\":\"\",\"afterField\":\"\",\"parentType\":\"firstname\",\"element_templates\":[\"firstname\",\"input\"],\"old_classname\":\"\",\"wrap_template\":\"wrap\"},{\"objectType\":\"Field\",\"objectDomain\":\"fields\",\"editActive\":false,\"order\":2,\"idAttribute\":\"id\",\"type\":\"email\",\"label\":\"Email\",\"key\":\"email_1735872745892\",\"label_pos\":\"above\",\"required\":1,\"default\":\"\",\"placeholder\":\"\",\"container_class\":\"\",\"element_class\":\"\",\"admin_label\":\"\",\"help_text\":\"\",\"custom_name_attribute\":\"email\",\"personally_identifiable\":1,\"value\":\"\",\"id\":25,\"beforeField\":\"\",\"afterField\":\"\",\"parentType\":\"email\",\"element_templates\":[\"email\",\"input\"],\"old_classname\":\"\",\"wrap_template\":\"wrap\"},{\"objectType\":\"Field\",\"objectDomain\":\"fields\",\"editActive\":false,\"order\":3,\"idAttribute\":\"id\",\"type\":\"phone\",\"label\":\"Tel\\u00e9fono\",\"key\":\"phone_1735872720616\",\"label_pos\":\"above\",\"required\":1,\"default\":\"\",\"placeholder\":\"\",\"container_class\":\"\",\"element_class\":\"\",\"input_limit\":\"\",\"input_limit_type\":\"characters\",\"input_limit_msg\":\"Caracteres restantes\",\"manual_key\":false,\"admin_label\":\"\",\"help_text\":\"\",\"mask\":\"\",\"custom_mask\":\"\",\"custom_name_attribute\":\"phone\",\"personally_identifiable\":1,\"value\":\"\",\"id\":26,\"beforeField\":\"\",\"afterField\":\"\",\"parentType\":\"textbox\",\"element_templates\":[\"tel\",\"textbox\",\"input\"],\"old_classname\":\"\",\"wrap_template\":\"wrap\"},{\"objectType\":\"Field\",\"objectDomain\":\"fields\",\"editActive\":false,\"order\":4,\"idAttribute\":\"id\",\"type\":\"textarea\",\"label\":\"Mensaje\",\"key\":\"mensaje_1735872738399\",\"label_pos\":\"above\",\"required\":1,\"default\":\"\",\"placeholder\":\"\",\"container_class\":\"\",\"element_class\":\"\",\"input_limit\":\"\",\"input_limit_type\":\"characters\",\"input_limit_msg\":\"Caracteres restantes\",\"manual_key\":false,\"admin_label\":\"\",\"help_text\":\"\",\"textarea_rte\":\"\",\"disable_rte_mobile\":\"\",\"textarea_media\":\"\",\"value\":\"\",\"drawerDisabled\":false,\"id\":27,\"beforeField\":\"\",\"afterField\":\"\",\"parentType\":\"textarea\",\"element_templates\":[\"textarea\",\"input\"],\"old_classname\":\"\",\"wrap_template\":\"wrap\"},{\"objectType\":\"Field\",\"objectDomain\":\"fields\",\"editActive\":false,\"order\":5,\"idAttribute\":\"id\",\"type\":\"submit\",\"label\":\"Enviar\",\"processing_label\":\"Procesando\",\"container_class\":\"\",\"element_class\":\"\",\"key\":\"submit_1735872777207\",\"admin_label\":\"\",\"id\":28,\"beforeField\":\"\",\"afterField\":\"\",\"value\":\"\",\"label_pos\":\"above\",\"parentType\":\"textbox\",\"element_templates\":[\"submit\",\"button\",\"input\"],\"old_classname\":\"\",\"wrap_template\":\"wrap-no-label\"}];nfForms.push(form);<\/script>\n        \n<h6 class=\"p1\">O escr\u00edbenos directamente desde el bot\u00f3n de whats app a la izquierda de la pantalla.<\/h6>\n","protected":false},"excerpt":{"rendered":"<p>\u00a1Estamos aqu\u00ed para hacer de tu experiencia de viaje algo excepcional! Si tienes preguntas o necesitas m\u00e1s informaci\u00f3n, no dudes en ponerte en contacto con nosotros. Nuestro equipo est\u00e1 listo para ayudarte de manera r\u00e1pida, sencilla y sin complicaciones. Matravel Transport\u00a0 \u00a0\u00a0Matravel Transport\u00a0 \u00a0\u00a0hola@matraveltransport.com\u00a0 \u00a0+473 163 6446 \u00a1Tu pr\u00f3xima aventura comienza aqu\u00ed! Hazlos a trav\u00e9s [&hellip;]<\/p>\n","protected":false},"author":2,"featured_media":607,"parent":0,"menu_order":0,"comment_status":"closed","ping_status":"closed","template":"","meta":{"_joinchat":[],"footnotes":""},"class_list":["post-39","page","type-page","status-publish","has-post-thumbnail","hentry"],"yoast_head":"<!-- This site is optimized with the Yoast SEO plugin v24.2 - https:\/\/yoast.com\/wordpress\/plugins\/seo\/ -->\n<title>Contacto - Matravel Transport<\/title>\n<meta name=\"robots\" content=\"index, follow, max-snippet:-1, max-image-preview:large, max-video-preview:-1\" \/>\n<link rel=\"canonical\" href=\"https:\/\/matraveltransport.com\/index.php\/contacto\/\" \/>\n<meta property=\"og:locale\" content=\"es_ES\" \/>\n<meta property=\"og:type\" content=\"article\" \/>\n<meta property=\"og:title\" content=\"Contacto - Matravel Transport\" \/>\n<meta property=\"og:description\" content=\"\u00a1Estamos aqu\u00ed para hacer de tu experiencia de viaje algo excepcional! Si tienes preguntas o necesitas m\u00e1s informaci\u00f3n, no dudes en ponerte en contacto con nosotros. Nuestro equipo est\u00e1 listo para ayudarte de manera r\u00e1pida, sencilla y sin complicaciones. Matravel Transport\u00a0 \u00a0\u00a0Matravel Transport\u00a0 \u00a0\u00a0hola@matraveltransport.com\u00a0 \u00a0+473 163 6446 \u00a1Tu pr\u00f3xima aventura comienza aqu\u00ed! Hazlos a trav\u00e9s [&hellip;]\" \/>\n<meta property=\"og:url\" content=\"https:\/\/matraveltransport.com\/index.php\/contacto\/\" \/>\n<meta property=\"og:site_name\" content=\"Matravel Transport\" \/>\n<meta property=\"article:publisher\" content=\"https:\/\/www.facebook.com\/matraveltransport\" \/>\n<meta property=\"article:modified_time\" content=\"2025-01-06T03:15:06+00:00\" \/>\n<meta property=\"og:image\" content=\"https:\/\/matraveltransport.com\/wp-content\/uploads\/2025\/01\/contactus.jpg\" \/>\n\t<meta property=\"og:image:width\" content=\"2000\" \/>\n\t<meta property=\"og:image:height\" content=\"924\" \/>\n\t<meta property=\"og:image:type\" content=\"image\/jpeg\" \/>\n<meta name=\"twitter:card\" content=\"summary_large_image\" \/>\n<script type=\"application\/ld+json\" class=\"yoast-schema-graph\">{\"@context\":\"https:\/\/schema.org\",\"@graph\":[{\"@type\":\"WebPage\",\"@id\":\"https:\/\/matraveltransport.com\/index.php\/contacto\/\",\"url\":\"https:\/\/matraveltransport.com\/index.php\/contacto\/\",\"name\":\"Contacto - Matravel Transport\",\"isPartOf\":{\"@id\":\"https:\/\/matraveltransport.com\/#website\"},\"primaryImageOfPage\":{\"@id\":\"https:\/\/matraveltransport.com\/index.php\/contacto\/#primaryimage\"},\"image\":{\"@id\":\"https:\/\/matraveltransport.com\/index.php\/contacto\/#primaryimage\"},\"thumbnailUrl\":\"https:\/\/matraveltransport.com\/wp-content\/uploads\/2025\/01\/contactus.jpg\",\"datePublished\":\"2024-12-27T00:51:03+00:00\",\"dateModified\":\"2025-01-06T03:15:06+00:00\",\"breadcrumb\":{\"@id\":\"https:\/\/matraveltransport.com\/index.php\/contacto\/#breadcrumb\"},\"inLanguage\":\"es\",\"potentialAction\":[{\"@type\":\"ReadAction\",\"target\":[\"https:\/\/matraveltransport.com\/index.php\/contacto\/\"]}]},{\"@type\":\"ImageObject\",\"inLanguage\":\"es\",\"@id\":\"https:\/\/matraveltransport.com\/index.php\/contacto\/#primaryimage\",\"url\":\"https:\/\/matraveltransport.com\/wp-content\/uploads\/2025\/01\/contactus.jpg\",\"contentUrl\":\"https:\/\/matraveltransport.com\/wp-content\/uploads\/2025\/01\/contactus.jpg\",\"width\":2000,\"height\":924},{\"@type\":\"BreadcrumbList\",\"@id\":\"https:\/\/matraveltransport.com\/index.php\/contacto\/#breadcrumb\",\"itemListElement\":[{\"@type\":\"ListItem\",\"position\":1,\"name\":\"Portada\",\"item\":\"https:\/\/matraveltransport.com\/\"},{\"@type\":\"ListItem\",\"position\":2,\"name\":\"Contacto\"}]},{\"@type\":\"WebSite\",\"@id\":\"https:\/\/matraveltransport.com\/#website\",\"url\":\"https:\/\/matraveltransport.com\/\",\"name\":\"Matravel Transport\",\"description\":\"Transporte Exclusivo de pasajeros para viajes y traslados\",\"publisher\":{\"@id\":\"https:\/\/matraveltransport.com\/#organization\"},\"potentialAction\":[{\"@type\":\"SearchAction\",\"target\":{\"@type\":\"EntryPoint\",\"urlTemplate\":\"https:\/\/matraveltransport.com\/?s={search_term_string}\"},\"query-input\":{\"@type\":\"PropertyValueSpecification\",\"valueRequired\":true,\"valueName\":\"search_term_string\"}}],\"inLanguage\":\"es\"},{\"@type\":\"Organization\",\"@id\":\"https:\/\/matraveltransport.com\/#organization\",\"name\":\"Matravel Transport\",\"url\":\"https:\/\/matraveltransport.com\/\",\"logo\":{\"@type\":\"ImageObject\",\"inLanguage\":\"es\",\"@id\":\"https:\/\/matraveltransport.com\/#\/schema\/logo\/image\/\",\"url\":\"https:\/\/matraveltransport.com\/wp-content\/uploads\/2024\/12\/cropped-LOGOS-PNG-TRANSPARENTES-11.png\",\"contentUrl\":\"https:\/\/matraveltransport.com\/wp-content\/uploads\/2024\/12\/cropped-LOGOS-PNG-TRANSPARENTES-11.png\",\"width\":1651,\"height\":288,\"caption\":\"Matravel Transport\"},\"image\":{\"@id\":\"https:\/\/matraveltransport.com\/#\/schema\/logo\/image\/\"},\"sameAs\":[\"https:\/\/www.facebook.com\/matraveltransport\"]}]}<\/script>\n<!-- \/ Yoast SEO plugin. -->","yoast_head_json":{"title":"Contacto - Matravel Transport","robots":{"index":"index","follow":"follow","max-snippet":"max-snippet:-1","max-image-preview":"max-image-preview:large","max-video-preview":"max-video-preview:-1"},"canonical":"https:\/\/matraveltransport.com\/index.php\/contacto\/","og_locale":"es_ES","og_type":"article","og_title":"Contacto - Matravel Transport","og_description":"\u00a1Estamos aqu\u00ed para hacer de tu experiencia de viaje algo excepcional! Si tienes preguntas o necesitas m\u00e1s informaci\u00f3n, no dudes en ponerte en contacto con nosotros. Nuestro equipo est\u00e1 listo para ayudarte de manera r\u00e1pida, sencilla y sin complicaciones. Matravel Transport\u00a0 \u00a0\u00a0Matravel Transport\u00a0 \u00a0\u00a0hola@matraveltransport.com\u00a0 \u00a0+473 163 6446 \u00a1Tu pr\u00f3xima aventura comienza aqu\u00ed! Hazlos a trav\u00e9s [&hellip;]","og_url":"https:\/\/matraveltransport.com\/index.php\/contacto\/","og_site_name":"Matravel Transport","article_publisher":"https:\/\/www.facebook.com\/matraveltransport","article_modified_time":"2025-01-06T03:15:06+00:00","og_image":[{"width":2000,"height":924,"url":"https:\/\/matraveltransport.com\/wp-content\/uploads\/2025\/01\/contactus.jpg","type":"image\/jpeg"}],"twitter_card":"summary_large_image","schema":{"@context":"https:\/\/schema.org","@graph":[{"@type":"WebPage","@id":"https:\/\/matraveltransport.com\/index.php\/contacto\/","url":"https:\/\/matraveltransport.com\/index.php\/contacto\/","name":"Contacto - Matravel Transport","isPartOf":{"@id":"https:\/\/matraveltransport.com\/#website"},"primaryImageOfPage":{"@id":"https:\/\/matraveltransport.com\/index.php\/contacto\/#primaryimage"},"image":{"@id":"https:\/\/matraveltransport.com\/index.php\/contacto\/#primaryimage"},"thumbnailUrl":"https:\/\/matraveltransport.com\/wp-content\/uploads\/2025\/01\/contactus.jpg","datePublished":"2024-12-27T00:51:03+00:00","dateModified":"2025-01-06T03:15:06+00:00","breadcrumb":{"@id":"https:\/\/matraveltransport.com\/index.php\/contacto\/#breadcrumb"},"inLanguage":"es","potentialAction":[{"@type":"ReadAction","target":["https:\/\/matraveltransport.com\/index.php\/contacto\/"]}]},{"@type":"ImageObject","inLanguage":"es","@id":"https:\/\/matraveltransport.com\/index.php\/contacto\/#primaryimage","url":"https:\/\/matraveltransport.com\/wp-content\/uploads\/2025\/01\/contactus.jpg","contentUrl":"https:\/\/matraveltransport.com\/wp-content\/uploads\/2025\/01\/contactus.jpg","width":2000,"height":924},{"@type":"BreadcrumbList","@id":"https:\/\/matraveltransport.com\/index.php\/contacto\/#breadcrumb","itemListElement":[{"@type":"ListItem","position":1,"name":"Portada","item":"https:\/\/matraveltransport.com\/"},{"@type":"ListItem","position":2,"name":"Contacto"}]},{"@type":"WebSite","@id":"https:\/\/matraveltransport.com\/#website","url":"https:\/\/matraveltransport.com\/","name":"Matravel Transport","description":"Transporte Exclusivo de pasajeros para viajes y traslados","publisher":{"@id":"https:\/\/matraveltransport.com\/#organization"},"potentialAction":[{"@type":"SearchAction","target":{"@type":"EntryPoint","urlTemplate":"https:\/\/matraveltransport.com\/?s={search_term_string}"},"query-input":{"@type":"PropertyValueSpecification","valueRequired":true,"valueName":"search_term_string"}}],"inLanguage":"es"},{"@type":"Organization","@id":"https:\/\/matraveltransport.com\/#organization","name":"Matravel Transport","url":"https:\/\/matraveltransport.com\/","logo":{"@type":"ImageObject","inLanguage":"es","@id":"https:\/\/matraveltransport.com\/#\/schema\/logo\/image\/","url":"https:\/\/matraveltransport.com\/wp-content\/uploads\/2024\/12\/cropped-LOGOS-PNG-TRANSPARENTES-11.png","contentUrl":"https:\/\/matraveltransport.com\/wp-content\/uploads\/2024\/12\/cropped-LOGOS-PNG-TRANSPARENTES-11.png","width":1651,"height":288,"caption":"Matravel Transport"},"image":{"@id":"https:\/\/matraveltransport.com\/#\/schema\/logo\/image\/"},"sameAs":["https:\/\/www.facebook.com\/matraveltransport"]}]}},"jetpack_sharing_enabled":true,"_links":{"self":[{"href":"https:\/\/matraveltransport.com\/index.php\/wp-json\/wp\/v2\/pages\/39","targetHints":{"allow":["GET"]}}],"collection":[{"href":"https:\/\/matraveltransport.com\/index.php\/wp-json\/wp\/v2\/pages"}],"about":[{"href":"https:\/\/matraveltransport.com\/index.php\/wp-json\/wp\/v2\/types\/page"}],"author":[{"embeddable":true,"href":"https:\/\/matraveltransport.com\/index.php\/wp-json\/wp\/v2\/users\/2"}],"replies":[{"embeddable":true,"href":"https:\/\/matraveltransport.com\/index.php\/wp-json\/wp\/v2\/comments?post=39"}],"version-history":[{"count":56,"href":"https:\/\/matraveltransport.com\/index.php\/wp-json\/wp\/v2\/pages\/39\/revisions"}],"predecessor-version":[{"id":671,"href":"https:\/\/matraveltransport.com\/index.php\/wp-json\/wp\/v2\/pages\/39\/revisions\/671"}],"wp:featuredmedia":[{"embeddable":true,"href":"https:\/\/matraveltransport.com\/index.php\/wp-json\/wp\/v2\/media\/607"}],"wp:attachment":[{"href":"https:\/\/matraveltransport.com\/index.php\/wp-json\/wp\/v2\/media?parent=39"}],"curies":[{"name":"wp","href":"https:\/\/api.w.org\/{rel}","templated":true}]}}