{"id":50,"date":"2024-12-27T01:17:26","date_gmt":"2024-12-27T01:17:26","guid":{"rendered":"https:\/\/matraveltransport.com\/?page_id=50"},"modified":"2025-01-04T22:32:46","modified_gmt":"2025-01-04T22:32:46","slug":"cotizar","status":"publish","type":"page","link":"https:\/\/matraveltransport.com\/index.php\/cotizar\/","title":{"rendered":"Cotizar"},"content":{"rendered":"<p class=\"p1\">Somos expertos en hacer nuestro trabajo muy sencillo y sin enredos. D\u00e9janos tu n\u00famero de tel\u00e9fono y un asesor especializado te contactar\u00e1 a la brevedad, haciendo de esta experiencia algo f\u00e1cil y sin complicaciones.<\/p>\n<p class=\"p1\"><noscript class=\"ninja-forms-noscript-message\">\n\tAviso: Se requiere JavaScript para este contenido.<\/noscript>\n<div id=\"nf-form-2-cont\" class=\"nf-form-cont\" aria-live=\"polite\" aria-labelledby=\"nf-form-title-2\" aria-describedby=\"nf-form-errors-2\" role=\"form\">\n\n    <div class=\"nf-loading-spinner\"><\/div>\n\n<\/div>\n        <!-- That data is being printed as a workaround to page builders reordering the order of the scripts loaded-->\n        <script>var formDisplay=1;var nfForms=nfForms||[];var form=[];form.id='2';form.settings={\"objectType\":\"Form Setting\",\"editActive\":false,\"title\":\"Formulario de cotizaci\\u00f3n\",\"show_title\":1,\"allow_public_link\":0,\"embed_form\":\"\",\"clear_complete\":1,\"hide_complete\":1,\"default_label_pos\":\"above\",\"wrapper_class\":\"\",\"element_class\":\"\",\"form_title_heading_level\":\"3\",\"key\":\"\",\"add_submit\":0,\"currency\":\"\",\"unique_field_error\":\"Ya se ha enviado un formulario con este valor.\",\"logged_in\":false,\"not_logged_in_msg\":\"\",\"sub_limit_msg\":\"Has alcanzado el l\\u00edmite de env\\u00edos en el formulario.\",\"calculations\":[],\"formContentData\":[\"firstname_1735869308758\",\"phone_1735868818549\",\"lugar_de_destino_1735869334651\",\"lugar_de_origen_1735869377497\",\"numero_de_personas_1735869399845\",\"servicio_a_cotizar_1735868847956\",\"submit_1735868854556\"],\"ninjaForms\":\"Ninja Forms\",\"changeEmailErrorMsg\":\"Introduce una direcci\\u00f3n de correo electr\\u00f3nico v\\u00e1lida.\",\"changeDateErrorMsg\":\"\\u00a1Introduce una fecha v\\u00e1lida!\",\"confirmFieldErrorMsg\":\"Estos campos deben coincidir.\",\"fieldNumberNumMinError\":\"Error de n\\u00famero m\\u00ednimo\",\"fieldNumberNumMaxError\":\"Error de n\\u00famero m\\u00e1ximo\",\"fieldNumberIncrementBy\":\"Increm\\u00e9ntalo por \",\"fieldTextareaRTEInsertLink\":\"Insertar enlace\",\"fieldTextareaRTEInsertMedia\":\"Insertar medios\",\"fieldTextareaRTESelectAFile\":\"Seleccione un archivo\",\"formErrorsCorrectErrors\":\"Corrige los errores antes de enviar este formulario.\",\"formHoneypot\":\"Si eres un ser humano y est\\u00e1s viendo este campo, por favor d\\u00e9jalo vac\\u00edo.\",\"validateRequiredField\":\"Esto es un campo obligatorio.\",\"honeypotHoneypotError\":\"Error de Honeypot\",\"fileUploadOldCodeFileUploadInProgress\":\"Subida de archivo en curso.\",\"fileUploadOldCodeFileUpload\":\"SUBIDA DE ARCHIVO\",\"currencySymbol\":false,\"fieldsMarkedRequired\":\"Los campos marcados con <span class=\\\"ninja-forms-req-symbol\\\">*<\\\/span> son obligatorios\",\"thousands_sep\":\".\",\"decimal_point\":\",\",\"siteLocale\":\"es_ES\",\"dateFormat\":\"m\\\/d\\\/Y\",\"startOfWeek\":\"1\",\"of\":\"de\",\"previousMonth\":\"Mes anterior\",\"nextMonth\":\"Pr\\u00f3ximo mes\",\"months\":[\"Enero\",\"Febrero\",\"Marzo\",\"Abril\",\"Mayo\",\"Junio\",\"Julio\",\"Agosto\",\"Septiembre\",\"Octubre\",\"Noviembre\",\"Diciembre\"],\"monthsShort\":[\"Ene\",\"Feb\",\"Mar\",\"Abr\",\"Mayo\",\"Jun\",\"Jul\",\"Ago\",\"Sep\",\"Oct\",\"Nov\",\"Dic\"],\"weekdays\":[\"Domingo\",\"Lunes\",\"Martes\",\"Mi\\u00e9rcoles\",\"Jueves\",\"Viernes\",\"S\\u00e1bado\"],\"weekdaysShort\":[\"Dom\",\"Lun\",\"Mar\",\"Mi\\u00e9\",\"Jue\",\"Vie\",\"S\\u00e1b\"],\"weekdaysMin\":[\"Do\",\"Lu\",\"Ma\",\"Mi\",\"Ju\",\"Vi\",\"S\\u00e1\"],\"recaptchaConsentMissing\":\"reCaptcha validation couldn&#039;t load.\",\"recaptchaMissingCookie\":\"reCaptcha v3 validation couldn&#039;t load the cookie needed to submit the form.\",\"recaptchaConsentEvent\":\"Accept reCaptcha cookies before sending the form.\",\"currency_symbol\":\"\",\"beforeForm\":\"\",\"beforeFields\":\"\",\"afterFields\":\"\",\"afterForm\":\"\"};form.fields=[{\"objectType\":\"Field\",\"objectDomain\":\"fields\",\"editActive\":false,\"order\":1,\"idAttribute\":\"id\",\"type\":\"firstname\",\"label\":\"Nombre\",\"key\":\"firstname_1735869308758\",\"label_pos\":\"above\",\"required\":false,\"default\":\"\",\"placeholder\":\"\",\"container_class\":\"\",\"element_class\":\"\",\"admin_label\":\"\",\"help_text\":\"\",\"custom_name_attribute\":\"fname\",\"personally_identifiable\":1,\"value\":\"\",\"id\":8,\"beforeField\":\"\",\"afterField\":\"\",\"parentType\":\"firstname\",\"element_templates\":[\"firstname\",\"input\"],\"old_classname\":\"\",\"wrap_template\":\"wrap\"},{\"objectType\":\"Field\",\"objectDomain\":\"fields\",\"editActive\":false,\"order\":2,\"idAttribute\":\"id\",\"type\":\"phone\",\"label\":\"Tel\\u00e9fono\",\"key\":\"phone_1735868818549\",\"label_pos\":\"above\",\"required\":false,\"default\":\"\",\"placeholder\":\"\",\"container_class\":\"\",\"element_class\":\"\",\"input_limit\":\"\",\"input_limit_type\":\"characters\",\"input_limit_msg\":\"Caracteres restantes\",\"manual_key\":false,\"admin_label\":\"\",\"help_text\":\"\",\"mask\":\"\",\"custom_mask\":\"\",\"custom_name_attribute\":\"phone\",\"personally_identifiable\":1,\"value\":\"\",\"id\":5,\"beforeField\":\"\",\"afterField\":\"\",\"parentType\":\"textbox\",\"element_templates\":[\"tel\",\"textbox\",\"input\"],\"old_classname\":\"\",\"wrap_template\":\"wrap\"},{\"objectType\":\"Field\",\"objectDomain\":\"fields\",\"editActive\":false,\"order\":3,\"idAttribute\":\"id\",\"label\":\"Lugar de destino\",\"type\":\"city\",\"key\":\"lugar_de_destino_1735869334651\",\"label_pos\":\"above\",\"required\":false,\"default\":\"\",\"placeholder\":\"\",\"container_class\":\"\",\"element_class\":\"\",\"input_limit\":\"\",\"input_limit_type\":\"characters\",\"input_limit_msg\":\"Caracteres restantes\",\"manual_key\":false,\"admin_label\":\"\",\"help_text\":\"\",\"mask\":\"\",\"custom_mask\":\"\",\"custom_name_attribute\":\"city\",\"personally_identifiable\":\"\",\"value\":\"\",\"id\":9,\"beforeField\":\"\",\"afterField\":\"\",\"parentType\":\"city\",\"element_templates\":[\"city\",\"textbox\",\"input\"],\"old_classname\":\"\",\"wrap_template\":\"wrap\"},{\"objectType\":\"Field\",\"objectDomain\":\"fields\",\"editActive\":false,\"order\":4,\"idAttribute\":\"id\",\"type\":\"city\",\"label\":\"Lugar de origen\",\"key\":\"lugar_de_origen_1735869377497\",\"label_pos\":\"above\",\"required\":false,\"default\":\"\",\"placeholder\":\"\",\"container_class\":\"\",\"element_class\":\"\",\"input_limit\":\"\",\"input_limit_type\":\"characters\",\"input_limit_msg\":\"Caracteres restantes\",\"manual_key\":false,\"admin_label\":\"\",\"help_text\":\"\",\"mask\":\"\",\"custom_mask\":\"\",\"custom_name_attribute\":\"city\",\"personally_identifiable\":\"\",\"value\":\"\",\"id\":10,\"beforeField\":\"\",\"afterField\":\"\",\"parentType\":\"city\",\"element_templates\":[\"city\",\"textbox\",\"input\"],\"old_classname\":\"\",\"wrap_template\":\"wrap\"},{\"objectType\":\"Field\",\"objectDomain\":\"fields\",\"editActive\":false,\"order\":5,\"idAttribute\":\"id\",\"type\":\"number\",\"label\":\"N\\u00famero de Personas\",\"key\":\"numero_de_personas_1735869399845\",\"label_pos\":\"above\",\"required\":false,\"default\":\"\",\"placeholder\":\"\",\"container_class\":\"\",\"element_class\":\"\",\"manual_key\":false,\"admin_label\":\"\",\"help_text\":\"\",\"num_min\":\"\",\"num_max\":\"\",\"num_step\":1,\"value\":\"\",\"drawerDisabled\":false,\"id\":11,\"beforeField\":\"\",\"afterField\":\"\",\"parentType\":\"number\",\"element_templates\":[\"number\",\"input\"],\"old_classname\":\"\",\"wrap_template\":\"wrap\"},{\"objectType\":\"Field\",\"objectDomain\":\"fields\",\"editActive\":false,\"order\":6,\"idAttribute\":\"id\",\"type\":\"textarea\",\"label\":\"Servicio a cotizar\",\"key\":\"servicio_a_cotizar_1735868847956\",\"label_pos\":\"above\",\"required\":false,\"default\":\"\",\"placeholder\":\"\",\"container_class\":\"\",\"element_class\":\"\",\"input_limit\":\"\",\"input_limit_type\":\"characters\",\"input_limit_msg\":\"Caracteres restantes\",\"manual_key\":false,\"admin_label\":\"\",\"help_text\":\"\",\"textarea_rte\":\"\",\"disable_rte_mobile\":\"\",\"textarea_media\":\"\",\"value\":\"\",\"id\":6,\"beforeField\":\"\",\"afterField\":\"\",\"parentType\":\"textarea\",\"element_templates\":[\"textarea\",\"input\"],\"old_classname\":\"\",\"wrap_template\":\"wrap\"},{\"objectType\":\"Field\",\"objectDomain\":\"fields\",\"editActive\":false,\"order\":7,\"idAttribute\":\"id\",\"type\":\"submit\",\"label\":\"Enviar\",\"processing_label\":\"Procesando\",\"container_class\":\"\",\"element_class\":\"\",\"key\":\"submit_1735868854556\",\"admin_label\":\"\",\"drawerDisabled\":false,\"id\":7,\"beforeField\":\"\",\"afterField\":\"\",\"value\":\"\",\"label_pos\":\"above\",\"parentType\":\"textbox\",\"element_templates\":[\"submit\",\"button\",\"input\"],\"old_classname\":\"\",\"wrap_template\":\"wrap-no-label\"}];nfForms.push(form);<\/script>\n        <\/p>\n","protected":false},"excerpt":{"rendered":"<p>Somos expertos en hacer nuestro trabajo muy sencillo y sin enredos. D\u00e9janos tu n\u00famero de tel\u00e9fono y un asesor especializado te contactar\u00e1 a la brevedad, haciendo de esta experiencia algo f\u00e1cil y sin complicaciones.<\/p>\n","protected":false},"author":2,"featured_media":609,"parent":0,"menu_order":0,"comment_status":"closed","ping_status":"closed","template":"","meta":{"_joinchat":[],"footnotes":""},"class_list":["post-50","page","type-page","status-publish","has-post-thumbnail","hentry"],"yoast_head":"<!-- This site is optimized with the Yoast SEO plugin v24.2 - https:\/\/yoast.com\/wordpress\/plugins\/seo\/ -->\n<title>Cotizar - Matravel Transport<\/title>\n<meta name=\"robots\" content=\"index, follow, max-snippet:-1, max-image-preview:large, max-video-preview:-1\" \/>\n<link rel=\"canonical\" href=\"https:\/\/matraveltransport.com\/index.php\/cotizar\/\" \/>\n<meta property=\"og:locale\" content=\"es_ES\" \/>\n<meta property=\"og:type\" content=\"article\" \/>\n<meta property=\"og:title\" content=\"Cotizar - Matravel Transport\" \/>\n<meta property=\"og:description\" content=\"Somos expertos en hacer nuestro trabajo muy sencillo y sin enredos. D\u00e9janos tu n\u00famero de tel\u00e9fono y un asesor especializado te contactar\u00e1 a la brevedad, haciendo de esta experiencia algo f\u00e1cil y sin complicaciones.\" \/>\n<meta property=\"og:url\" content=\"https:\/\/matraveltransport.com\/index.php\/cotizar\/\" \/>\n<meta property=\"og:site_name\" content=\"Matravel Transport\" \/>\n<meta property=\"article:publisher\" content=\"https:\/\/www.facebook.com\/matraveltransport\" \/>\n<meta property=\"article:modified_time\" content=\"2025-01-04T22:32:46+00:00\" \/>\n<meta property=\"og:image\" content=\"https:\/\/matraveltransport.com\/wp-content\/uploads\/2025\/01\/cotizar.jpg\" \/>\n\t<meta property=\"og:image:width\" content=\"1920\" \/>\n\t<meta property=\"og:image:height\" content=\"600\" \/>\n\t<meta property=\"og:image:type\" content=\"image\/jpeg\" \/>\n<meta name=\"twitter:card\" content=\"summary_large_image\" \/>\n<script type=\"application\/ld+json\" class=\"yoast-schema-graph\">{\"@context\":\"https:\/\/schema.org\",\"@graph\":[{\"@type\":\"WebPage\",\"@id\":\"https:\/\/matraveltransport.com\/index.php\/cotizar\/\",\"url\":\"https:\/\/matraveltransport.com\/index.php\/cotizar\/\",\"name\":\"Cotizar - Matravel Transport\",\"isPartOf\":{\"@id\":\"https:\/\/matraveltransport.com\/#website\"},\"primaryImageOfPage\":{\"@id\":\"https:\/\/matraveltransport.com\/index.php\/cotizar\/#primaryimage\"},\"image\":{\"@id\":\"https:\/\/matraveltransport.com\/index.php\/cotizar\/#primaryimage\"},\"thumbnailUrl\":\"https:\/\/matraveltransport.com\/wp-content\/uploads\/2025\/01\/cotizar.jpg\",\"datePublished\":\"2024-12-27T01:17:26+00:00\",\"dateModified\":\"2025-01-04T22:32:46+00:00\",\"breadcrumb\":{\"@id\":\"https:\/\/matraveltransport.com\/index.php\/cotizar\/#breadcrumb\"},\"inLanguage\":\"es\",\"potentialAction\":[{\"@type\":\"ReadAction\",\"target\":[\"https:\/\/matraveltransport.com\/index.php\/cotizar\/\"]}]},{\"@type\":\"ImageObject\",\"inLanguage\":\"es\",\"@id\":\"https:\/\/matraveltransport.com\/index.php\/cotizar\/#primaryimage\",\"url\":\"https:\/\/matraveltransport.com\/wp-content\/uploads\/2025\/01\/cotizar.jpg\",\"contentUrl\":\"https:\/\/matraveltransport.com\/wp-content\/uploads\/2025\/01\/cotizar.jpg\",\"width\":1920,\"height\":600},{\"@type\":\"BreadcrumbList\",\"@id\":\"https:\/\/matraveltransport.com\/index.php\/cotizar\/#breadcrumb\",\"itemListElement\":[{\"@type\":\"ListItem\",\"position\":1,\"name\":\"Portada\",\"item\":\"https:\/\/matraveltransport.com\/\"},{\"@type\":\"ListItem\",\"position\":2,\"name\":\"Cotizar\"}]},{\"@type\":\"WebSite\",\"@id\":\"https:\/\/matraveltransport.com\/#website\",\"url\":\"https:\/\/matraveltransport.com\/\",\"name\":\"Matravel Transport\",\"description\":\"Transporte Exclusivo de pasajeros para viajes y traslados\",\"publisher\":{\"@id\":\"https:\/\/matraveltransport.com\/#organization\"},\"potentialAction\":[{\"@type\":\"SearchAction\",\"target\":{\"@type\":\"EntryPoint\",\"urlTemplate\":\"https:\/\/matraveltransport.com\/?s={search_term_string}\"},\"query-input\":{\"@type\":\"PropertyValueSpecification\",\"valueRequired\":true,\"valueName\":\"search_term_string\"}}],\"inLanguage\":\"es\"},{\"@type\":\"Organization\",\"@id\":\"https:\/\/matraveltransport.com\/#organization\",\"name\":\"Matravel Transport\",\"url\":\"https:\/\/matraveltransport.com\/\",\"logo\":{\"@type\":\"ImageObject\",\"inLanguage\":\"es\",\"@id\":\"https:\/\/matraveltransport.com\/#\/schema\/logo\/image\/\",\"url\":\"https:\/\/matraveltransport.com\/wp-content\/uploads\/2024\/12\/cropped-LOGOS-PNG-TRANSPARENTES-11.png\",\"contentUrl\":\"https:\/\/matraveltransport.com\/wp-content\/uploads\/2024\/12\/cropped-LOGOS-PNG-TRANSPARENTES-11.png\",\"width\":1651,\"height\":288,\"caption\":\"Matravel Transport\"},\"image\":{\"@id\":\"https:\/\/matraveltransport.com\/#\/schema\/logo\/image\/\"},\"sameAs\":[\"https:\/\/www.facebook.com\/matraveltransport\"]}]}<\/script>\n<!-- \/ Yoast SEO plugin. -->","yoast_head_json":{"title":"Cotizar - Matravel Transport","robots":{"index":"index","follow":"follow","max-snippet":"max-snippet:-1","max-image-preview":"max-image-preview:large","max-video-preview":"max-video-preview:-1"},"canonical":"https:\/\/matraveltransport.com\/index.php\/cotizar\/","og_locale":"es_ES","og_type":"article","og_title":"Cotizar - Matravel Transport","og_description":"Somos expertos en hacer nuestro trabajo muy sencillo y sin enredos. D\u00e9janos tu n\u00famero de tel\u00e9fono y un asesor especializado te contactar\u00e1 a la brevedad, haciendo de esta experiencia algo f\u00e1cil y sin complicaciones.","og_url":"https:\/\/matraveltransport.com\/index.php\/cotizar\/","og_site_name":"Matravel Transport","article_publisher":"https:\/\/www.facebook.com\/matraveltransport","article_modified_time":"2025-01-04T22:32:46+00:00","og_image":[{"width":1920,"height":600,"url":"https:\/\/matraveltransport.com\/wp-content\/uploads\/2025\/01\/cotizar.jpg","type":"image\/jpeg"}],"twitter_card":"summary_large_image","schema":{"@context":"https:\/\/schema.org","@graph":[{"@type":"WebPage","@id":"https:\/\/matraveltransport.com\/index.php\/cotizar\/","url":"https:\/\/matraveltransport.com\/index.php\/cotizar\/","name":"Cotizar - Matravel Transport","isPartOf":{"@id":"https:\/\/matraveltransport.com\/#website"},"primaryImageOfPage":{"@id":"https:\/\/matraveltransport.com\/index.php\/cotizar\/#primaryimage"},"image":{"@id":"https:\/\/matraveltransport.com\/index.php\/cotizar\/#primaryimage"},"thumbnailUrl":"https:\/\/matraveltransport.com\/wp-content\/uploads\/2025\/01\/cotizar.jpg","datePublished":"2024-12-27T01:17:26+00:00","dateModified":"2025-01-04T22:32:46+00:00","breadcrumb":{"@id":"https:\/\/matraveltransport.com\/index.php\/cotizar\/#breadcrumb"},"inLanguage":"es","potentialAction":[{"@type":"ReadAction","target":["https:\/\/matraveltransport.com\/index.php\/cotizar\/"]}]},{"@type":"ImageObject","inLanguage":"es","@id":"https:\/\/matraveltransport.com\/index.php\/cotizar\/#primaryimage","url":"https:\/\/matraveltransport.com\/wp-content\/uploads\/2025\/01\/cotizar.jpg","contentUrl":"https:\/\/matraveltransport.com\/wp-content\/uploads\/2025\/01\/cotizar.jpg","width":1920,"height":600},{"@type":"BreadcrumbList","@id":"https:\/\/matraveltransport.com\/index.php\/cotizar\/#breadcrumb","itemListElement":[{"@type":"ListItem","position":1,"name":"Portada","item":"https:\/\/matraveltransport.com\/"},{"@type":"ListItem","position":2,"name":"Cotizar"}]},{"@type":"WebSite","@id":"https:\/\/matraveltransport.com\/#website","url":"https:\/\/matraveltransport.com\/","name":"Matravel Transport","description":"Transporte Exclusivo de pasajeros para viajes y traslados","publisher":{"@id":"https:\/\/matraveltransport.com\/#organization"},"potentialAction":[{"@type":"SearchAction","target":{"@type":"EntryPoint","urlTemplate":"https:\/\/matraveltransport.com\/?s={search_term_string}"},"query-input":{"@type":"PropertyValueSpecification","valueRequired":true,"valueName":"search_term_string"}}],"inLanguage":"es"},{"@type":"Organization","@id":"https:\/\/matraveltransport.com\/#organization","name":"Matravel Transport","url":"https:\/\/matraveltransport.com\/","logo":{"@type":"ImageObject","inLanguage":"es","@id":"https:\/\/matraveltransport.com\/#\/schema\/logo\/image\/","url":"https:\/\/matraveltransport.com\/wp-content\/uploads\/2024\/12\/cropped-LOGOS-PNG-TRANSPARENTES-11.png","contentUrl":"https:\/\/matraveltransport.com\/wp-content\/uploads\/2024\/12\/cropped-LOGOS-PNG-TRANSPARENTES-11.png","width":1651,"height":288,"caption":"Matravel Transport"},"image":{"@id":"https:\/\/matraveltransport.com\/#\/schema\/logo\/image\/"},"sameAs":["https:\/\/www.facebook.com\/matraveltransport"]}]}},"jetpack_sharing_enabled":true,"_links":{"self":[{"href":"https:\/\/matraveltransport.com\/index.php\/wp-json\/wp\/v2\/pages\/50","targetHints":{"allow":["GET"]}}],"collection":[{"href":"https:\/\/matraveltransport.com\/index.php\/wp-json\/wp\/v2\/pages"}],"about":[{"href":"https:\/\/matraveltransport.com\/index.php\/wp-json\/wp\/v2\/types\/page"}],"author":[{"embeddable":true,"href":"https:\/\/matraveltransport.com\/index.php\/wp-json\/wp\/v2\/users\/2"}],"replies":[{"embeddable":true,"href":"https:\/\/matraveltransport.com\/index.php\/wp-json\/wp\/v2\/comments?post=50"}],"version-history":[{"count":5,"href":"https:\/\/matraveltransport.com\/index.php\/wp-json\/wp\/v2\/pages\/50\/revisions"}],"predecessor-version":[{"id":233,"href":"https:\/\/matraveltransport.com\/index.php\/wp-json\/wp\/v2\/pages\/50\/revisions\/233"}],"wp:featuredmedia":[{"embeddable":true,"href":"https:\/\/matraveltransport.com\/index.php\/wp-json\/wp\/v2\/media\/609"}],"wp:attachment":[{"href":"https:\/\/matraveltransport.com\/index.php\/wp-json\/wp\/v2\/media?parent=50"}],"curies":[{"name":"wp","href":"https:\/\/api.w.org\/{rel}","templated":true}]}}