{"id":696,"date":"2025-01-06T21:29:42","date_gmt":"2025-01-06T21:29:42","guid":{"rendered":"https:\/\/matraveltransport.com\/?page_id=696"},"modified":"2025-01-08T16:58:46","modified_gmt":"2025-01-08T16:58:46","slug":"actividades","status":"publish","type":"page","link":"https:\/\/matraveltransport.com\/index.php\/actividades\/","title":{"rendered":"Actividades"},"content":{"rendered":"\n<h4 class=\"wp-block-heading has-luminous-vivid-amber-color has-text-color has-link-color wp-elements-92b7ea255eb6dce0bcbffe4b4b47d5f2\">Vive la Adrenalina<\/h4>\n\n\n<div class=\"wp-block-image is-style-rounded\">\n<figure class=\"alignright size-full is-resized\"><img loading=\"lazy\" decoding=\"async\" width=\"1339\" height=\"982\" src=\"https:\/\/matraveltransport.com\/wp-content\/uploads\/2025\/01\/bf2b4f44-128e-4cff-8bc0-313dc3e2bd89.jpg\" alt=\"\" class=\"wp-image-745\" style=\"aspect-ratio:1;object-fit:cover;width:300px\" srcset=\"https:\/\/matraveltransport.com\/wp-content\/uploads\/2025\/01\/bf2b4f44-128e-4cff-8bc0-313dc3e2bd89.jpg 1339w, https:\/\/matraveltransport.com\/wp-content\/uploads\/2025\/01\/bf2b4f44-128e-4cff-8bc0-313dc3e2bd89-300x220.jpg 300w, https:\/\/matraveltransport.com\/wp-content\/uploads\/2025\/01\/bf2b4f44-128e-4cff-8bc0-313dc3e2bd89-1024x751.jpg 1024w, https:\/\/matraveltransport.com\/wp-content\/uploads\/2025\/01\/bf2b4f44-128e-4cff-8bc0-313dc3e2bd89-768x563.jpg 768w\" sizes=\"auto, (max-width: 1339px) 100vw, 1339px\" \/><\/figure>\n<\/div>\n\n\n<p><em>Hemos seleccionado a los mejores proveedores de aventuras 4&#215;4 para que disfrutes al m\u00e1ximo tu<\/em> visita a Guanajuato y San Miguel de Allende. <\/p>\n\n\n\n<p><em><strong>Nos encargaremos de reservar toda tu aventura por t\u00ed. <\/strong><\/em><\/p>\n\n\n\n<p>Explora los paisajes m\u00e1s impresionantes con nuestras emocionantes actividades 4&#215;4: alquila jeeps, RZRs o cuatrimotos y recorre rutas llenas de adrenalina. <\/p>\n\n\n\n<p>Una experiencia ideal para los amantes de la emoci\u00f3n y la conexi\u00f3n con la naturaleza.&nbsp;<\/p>\n\n\n\n<hr class=\"wp-block-separator has-text-color has-luminous-vivid-amber-color has-alpha-channel-opacity has-luminous-vivid-amber-background-color has-background is-style-dots\"\/>\n\n\n\n<p><\/p>\n\n\n\n<p><\/p>\n\n\n\n<div class=\"wp-block-columns is-layout-flex wp-container-core-columns-is-layout-9d6595d7 wp-block-columns-is-layout-flex\">\n<div class=\"wp-block-column is-layout-flow wp-block-column-is-layout-flow\">\n<figure class=\"wp-block-image size-large\"><img loading=\"lazy\" decoding=\"async\" width=\"1024\" height=\"576\" src=\"https:\/\/matraveltransport.com\/wp-content\/uploads\/2025\/01\/d08fc558-56bd-45da-8032-88a784838dc8-1024x576.jpg\" alt=\"\" class=\"wp-image-749\" style=\"aspect-ratio:16\/9;object-fit:cover\" srcset=\"https:\/\/matraveltransport.com\/wp-content\/uploads\/2025\/01\/d08fc558-56bd-45da-8032-88a784838dc8-1024x576.jpg 1024w, https:\/\/matraveltransport.com\/wp-content\/uploads\/2025\/01\/d08fc558-56bd-45da-8032-88a784838dc8-300x169.jpg 300w, https:\/\/matraveltransport.com\/wp-content\/uploads\/2025\/01\/d08fc558-56bd-45da-8032-88a784838dc8-768x432.jpg 768w, https:\/\/matraveltransport.com\/wp-content\/uploads\/2025\/01\/d08fc558-56bd-45da-8032-88a784838dc8-1536x864.jpg 1536w, https:\/\/matraveltransport.com\/wp-content\/uploads\/2025\/01\/d08fc558-56bd-45da-8032-88a784838dc8.jpg 1920w\" sizes=\"auto, (max-width: 1024px) 100vw, 1024px\" \/><\/figure>\n<\/div>\n\n\n\n<div class=\"wp-block-column is-layout-flow wp-block-column-is-layout-flow\">\n<figure class=\"wp-block-image size-large\"><img loading=\"lazy\" decoding=\"async\" width=\"1024\" height=\"598\" src=\"https:\/\/matraveltransport.com\/wp-content\/uploads\/2025\/01\/e944d6f0-689b-4aec-b382-4dab100931f5-1024x598.jpg\" alt=\"\" class=\"wp-image-748\" style=\"aspect-ratio:16\/9;object-fit:cover\" srcset=\"https:\/\/matraveltransport.com\/wp-content\/uploads\/2025\/01\/e944d6f0-689b-4aec-b382-4dab100931f5-1024x598.jpg 1024w, https:\/\/matraveltransport.com\/wp-content\/uploads\/2025\/01\/e944d6f0-689b-4aec-b382-4dab100931f5-300x175.jpg 300w, https:\/\/matraveltransport.com\/wp-content\/uploads\/2025\/01\/e944d6f0-689b-4aec-b382-4dab100931f5-768x448.jpg 768w, https:\/\/matraveltransport.com\/wp-content\/uploads\/2025\/01\/e944d6f0-689b-4aec-b382-4dab100931f5-1536x897.jpg 1536w, https:\/\/matraveltransport.com\/wp-content\/uploads\/2025\/01\/e944d6f0-689b-4aec-b382-4dab100931f5.jpg 1639w\" sizes=\"auto, (max-width: 1024px) 100vw, 1024px\" \/><\/figure>\n<\/div>\n<\/div>\n\n\n\n<div class=\"wp-block-columns is-layout-flex wp-container-core-columns-is-layout-9d6595d7 wp-block-columns-is-layout-flex\">\n<div class=\"wp-block-column is-layout-flow wp-block-column-is-layout-flow\">\n<figure class=\"wp-block-image size-full\"><img loading=\"lazy\" decoding=\"async\" width=\"1024\" height=\"1024\" src=\"https:\/\/matraveltransport.com\/wp-content\/uploads\/2025\/01\/1.jpeg\" alt=\"\" class=\"wp-image-809\" style=\"aspect-ratio:1;object-fit:cover\" srcset=\"https:\/\/matraveltransport.com\/wp-content\/uploads\/2025\/01\/1.jpeg 1024w, https:\/\/matraveltransport.com\/wp-content\/uploads\/2025\/01\/1-300x300.jpeg 300w, https:\/\/matraveltransport.com\/wp-content\/uploads\/2025\/01\/1-150x150.jpeg 150w, https:\/\/matraveltransport.com\/wp-content\/uploads\/2025\/01\/1-768x768.jpeg 768w\" sizes=\"auto, (max-width: 1024px) 100vw, 1024px\" \/><\/figure>\n\n\n\n<figure class=\"wp-block-image size-full\"><img loading=\"lazy\" decoding=\"async\" width=\"768\" height=\"1024\" src=\"https:\/\/matraveltransport.com\/wp-content\/uploads\/2025\/01\/13.jpeg\" alt=\"\" class=\"wp-image-806\" style=\"aspect-ratio:3\/4;object-fit:cover\" srcset=\"https:\/\/matraveltransport.com\/wp-content\/uploads\/2025\/01\/13.jpeg 768w, https:\/\/matraveltransport.com\/wp-content\/uploads\/2025\/01\/13-225x300.jpeg 225w\" sizes=\"auto, (max-width: 768px) 100vw, 768px\" \/><\/figure>\n\n\n\n<figure class=\"wp-block-image size-full\"><img loading=\"lazy\" decoding=\"async\" width=\"759\" height=\"955\" src=\"https:\/\/matraveltransport.com\/wp-content\/uploads\/2025\/01\/3.jpeg\" alt=\"\" class=\"wp-image-802\" style=\"aspect-ratio:3\/4;object-fit:cover\" srcset=\"https:\/\/matraveltransport.com\/wp-content\/uploads\/2025\/01\/3.jpeg 759w, https:\/\/matraveltransport.com\/wp-content\/uploads\/2025\/01\/3-238x300.jpeg 238w\" sizes=\"auto, (max-width: 759px) 100vw, 759px\" \/><\/figure>\n<\/div>\n\n\n\n<div class=\"wp-block-column is-layout-flow wp-block-column-is-layout-flow\">\n<figure class=\"wp-block-image size-full\"><img loading=\"lazy\" decoding=\"async\" width=\"768\" height=\"1024\" src=\"https:\/\/matraveltransport.com\/wp-content\/uploads\/2025\/01\/10.jpeg\" alt=\"\" class=\"wp-image-808\" style=\"aspect-ratio:1;object-fit:cover\" srcset=\"https:\/\/matraveltransport.com\/wp-content\/uploads\/2025\/01\/10.jpeg 768w, https:\/\/matraveltransport.com\/wp-content\/uploads\/2025\/01\/10-225x300.jpeg 225w\" sizes=\"auto, (max-width: 768px) 100vw, 768px\" \/><\/figure>\n\n\n\n<figure class=\"wp-block-image size-full\"><img loading=\"lazy\" decoding=\"async\" width=\"759\" height=\"1024\" src=\"https:\/\/matraveltransport.com\/wp-content\/uploads\/2025\/01\/14.jpeg\" alt=\"\" class=\"wp-image-805\" style=\"aspect-ratio:3\/4;object-fit:cover\" srcset=\"https:\/\/matraveltransport.com\/wp-content\/uploads\/2025\/01\/14.jpeg 759w, https:\/\/matraveltransport.com\/wp-content\/uploads\/2025\/01\/14-222x300.jpeg 222w\" sizes=\"auto, (max-width: 759px) 100vw, 759px\" \/><\/figure>\n\n\n\n<figure class=\"wp-block-image size-full\"><img loading=\"lazy\" decoding=\"async\" width=\"819\" height=\"973\" src=\"https:\/\/matraveltransport.com\/wp-content\/uploads\/2025\/01\/4.jpeg\" alt=\"\" class=\"wp-image-801\" style=\"aspect-ratio:3\/4;object-fit:cover\" srcset=\"https:\/\/matraveltransport.com\/wp-content\/uploads\/2025\/01\/4.jpeg 819w, https:\/\/matraveltransport.com\/wp-content\/uploads\/2025\/01\/4-253x300.jpeg 253w, https:\/\/matraveltransport.com\/wp-content\/uploads\/2025\/01\/4-768x912.jpeg 768w\" sizes=\"auto, (max-width: 819px) 100vw, 819px\" \/><\/figure>\n<\/div>\n\n\n\n<div class=\"wp-block-column is-layout-flow wp-block-column-is-layout-flow\">\n<figure class=\"wp-block-image size-full\"><img loading=\"lazy\" decoding=\"async\" width=\"819\" height=\"947\" src=\"https:\/\/matraveltransport.com\/wp-content\/uploads\/2025\/01\/12.jpeg\" alt=\"\" class=\"wp-image-807\" style=\"aspect-ratio:1;object-fit:cover\" srcset=\"https:\/\/matraveltransport.com\/wp-content\/uploads\/2025\/01\/12.jpeg 819w, https:\/\/matraveltransport.com\/wp-content\/uploads\/2025\/01\/12-259x300.jpeg 259w, https:\/\/matraveltransport.com\/wp-content\/uploads\/2025\/01\/12-768x888.jpeg 768w\" sizes=\"auto, (max-width: 819px) 100vw, 819px\" \/><\/figure>\n\n\n\n<figure class=\"wp-block-image size-full\"><img loading=\"lazy\" decoding=\"async\" width=\"815\" height=\"990\" src=\"https:\/\/matraveltransport.com\/wp-content\/uploads\/2025\/01\/2.jpeg\" alt=\"\" class=\"wp-image-803\" style=\"aspect-ratio:3\/4;object-fit:cover\" srcset=\"https:\/\/matraveltransport.com\/wp-content\/uploads\/2025\/01\/2.jpeg 815w, https:\/\/matraveltransport.com\/wp-content\/uploads\/2025\/01\/2-247x300.jpeg 247w, https:\/\/matraveltransport.com\/wp-content\/uploads\/2025\/01\/2-768x933.jpeg 768w\" sizes=\"auto, (max-width: 815px) 100vw, 815px\" \/><\/figure>\n\n\n\n<figure class=\"wp-block-image size-full\"><img loading=\"lazy\" decoding=\"async\" width=\"769\" height=\"1024\" src=\"https:\/\/matraveltransport.com\/wp-content\/uploads\/2025\/01\/6.jpeg\" alt=\"\" class=\"wp-image-800\" style=\"aspect-ratio:3\/4;object-fit:cover\" srcset=\"https:\/\/matraveltransport.com\/wp-content\/uploads\/2025\/01\/6.jpeg 769w, https:\/\/matraveltransport.com\/wp-content\/uploads\/2025\/01\/6-225x300.jpeg 225w\" sizes=\"auto, (max-width: 769px) 100vw, 769px\" \/><\/figure>\n<\/div>\n<\/div>\n\n\n\n<p><\/p>\n","protected":false},"excerpt":{"rendered":"<p>Vive la Adrenalina Hemos seleccionado a los mejores proveedores de aventuras 4&#215;4 para que disfrutes al m\u00e1ximo tu visita a Guanajuato y San Miguel de Allende. Nos encargaremos de reservar toda tu aventura por t\u00ed. Explora los paisajes m\u00e1s impresionantes con nuestras emocionantes actividades 4&#215;4: alquila jeeps, RZRs o cuatrimotos y recorre rutas llenas de [&hellip;]<\/p>\n","protected":false},"author":2,"featured_media":750,"parent":0,"menu_order":0,"comment_status":"closed","ping_status":"closed","template":"","meta":{"_joinchat":[],"footnotes":""},"class_list":["post-696","page","type-page","status-publish","has-post-thumbnail","hentry"],"yoast_head":"<!-- This site is optimized with the Yoast SEO plugin v24.2 - https:\/\/yoast.com\/wordpress\/plugins\/seo\/ -->\n<title>Actividades - Matravel Transport<\/title>\n<meta name=\"robots\" content=\"index, follow, max-snippet:-1, max-image-preview:large, max-video-preview:-1\" \/>\n<link rel=\"canonical\" href=\"https:\/\/matraveltransport.com\/index.php\/actividades\/\" \/>\n<meta property=\"og:locale\" content=\"es_ES\" \/>\n<meta property=\"og:type\" content=\"article\" \/>\n<meta property=\"og:title\" content=\"Actividades - Matravel Transport\" \/>\n<meta property=\"og:description\" content=\"Vive la Adrenalina Hemos seleccionado a los mejores proveedores de aventuras 4&#215;4 para que disfrutes al m\u00e1ximo tu visita a Guanajuato y San Miguel de Allende. Nos encargaremos de reservar toda tu aventura por t\u00ed. Explora los paisajes m\u00e1s impresionantes con nuestras emocionantes actividades 4&#215;4: alquila jeeps, RZRs o cuatrimotos y recorre rutas llenas de [&hellip;]\" \/>\n<meta property=\"og:url\" content=\"https:\/\/matraveltransport.com\/index.php\/actividades\/\" \/>\n<meta property=\"og:site_name\" content=\"Matravel Transport\" \/>\n<meta property=\"article:publisher\" content=\"https:\/\/www.facebook.com\/matraveltransport\" \/>\n<meta property=\"article:modified_time\" content=\"2025-01-08T16:58:46+00:00\" \/>\n<meta property=\"og:image\" content=\"https:\/\/matraveltransport.com\/wp-content\/uploads\/2025\/01\/1b426230-c9a1-4fb3-9f87-0c737016db98.jpg\" \/>\n\t<meta property=\"og:image:width\" content=\"1920\" \/>\n\t<meta property=\"og:image:height\" content=\"1080\" \/>\n\t<meta property=\"og:image:type\" content=\"image\/jpeg\" \/>\n<meta name=\"twitter:card\" content=\"summary_large_image\" \/>\n<meta name=\"twitter:label1\" content=\"Tiempo de lectura\" \/>\n\t<meta name=\"twitter:data1\" content=\"3 minutos\" \/>\n<script type=\"application\/ld+json\" class=\"yoast-schema-graph\">{\"@context\":\"https:\/\/schema.org\",\"@graph\":[{\"@type\":\"WebPage\",\"@id\":\"https:\/\/matraveltransport.com\/index.php\/actividades\/\",\"url\":\"https:\/\/matraveltransport.com\/index.php\/actividades\/\",\"name\":\"Actividades - Matravel Transport\",\"isPartOf\":{\"@id\":\"https:\/\/matraveltransport.com\/#website\"},\"primaryImageOfPage\":{\"@id\":\"https:\/\/matraveltransport.com\/index.php\/actividades\/#primaryimage\"},\"image\":{\"@id\":\"https:\/\/matraveltransport.com\/index.php\/actividades\/#primaryimage\"},\"thumbnailUrl\":\"https:\/\/matraveltransport.com\/wp-content\/uploads\/2025\/01\/1b426230-c9a1-4fb3-9f87-0c737016db98.jpg\",\"datePublished\":\"2025-01-06T21:29:42+00:00\",\"dateModified\":\"2025-01-08T16:58:46+00:00\",\"breadcrumb\":{\"@id\":\"https:\/\/matraveltransport.com\/index.php\/actividades\/#breadcrumb\"},\"inLanguage\":\"es\",\"potentialAction\":[{\"@type\":\"ReadAction\",\"target\":[\"https:\/\/matraveltransport.com\/index.php\/actividades\/\"]}]},{\"@type\":\"ImageObject\",\"inLanguage\":\"es\",\"@id\":\"https:\/\/matraveltransport.com\/index.php\/actividades\/#primaryimage\",\"url\":\"https:\/\/matraveltransport.com\/wp-content\/uploads\/2025\/01\/1b426230-c9a1-4fb3-9f87-0c737016db98.jpg\",\"contentUrl\":\"https:\/\/matraveltransport.com\/wp-content\/uploads\/2025\/01\/1b426230-c9a1-4fb3-9f87-0c737016db98.jpg\",\"width\":1920,\"height\":1080},{\"@type\":\"BreadcrumbList\",\"@id\":\"https:\/\/matraveltransport.com\/index.php\/actividades\/#breadcrumb\",\"itemListElement\":[{\"@type\":\"ListItem\",\"position\":1,\"name\":\"Portada\",\"item\":\"https:\/\/matraveltransport.com\/\"},{\"@type\":\"ListItem\",\"position\":2,\"name\":\"Actividades\"}]},{\"@type\":\"WebSite\",\"@id\":\"https:\/\/matraveltransport.com\/#website\",\"url\":\"https:\/\/matraveltransport.com\/\",\"name\":\"Matravel Transport\",\"description\":\"Transporte Exclusivo de pasajeros para viajes y traslados\",\"publisher\":{\"@id\":\"https:\/\/matraveltransport.com\/#organization\"},\"potentialAction\":[{\"@type\":\"SearchAction\",\"target\":{\"@type\":\"EntryPoint\",\"urlTemplate\":\"https:\/\/matraveltransport.com\/?s={search_term_string}\"},\"query-input\":{\"@type\":\"PropertyValueSpecification\",\"valueRequired\":true,\"valueName\":\"search_term_string\"}}],\"inLanguage\":\"es\"},{\"@type\":\"Organization\",\"@id\":\"https:\/\/matraveltransport.com\/#organization\",\"name\":\"Matravel Transport\",\"url\":\"https:\/\/matraveltransport.com\/\",\"logo\":{\"@type\":\"ImageObject\",\"inLanguage\":\"es\",\"@id\":\"https:\/\/matraveltransport.com\/#\/schema\/logo\/image\/\",\"url\":\"https:\/\/matraveltransport.com\/wp-content\/uploads\/2024\/12\/cropped-LOGOS-PNG-TRANSPARENTES-11.png\",\"contentUrl\":\"https:\/\/matraveltransport.com\/wp-content\/uploads\/2024\/12\/cropped-LOGOS-PNG-TRANSPARENTES-11.png\",\"width\":1651,\"height\":288,\"caption\":\"Matravel Transport\"},\"image\":{\"@id\":\"https:\/\/matraveltransport.com\/#\/schema\/logo\/image\/\"},\"sameAs\":[\"https:\/\/www.facebook.com\/matraveltransport\"]}]}<\/script>\n<!-- \/ Yoast SEO plugin. -->","yoast_head_json":{"title":"Actividades - Matravel Transport","robots":{"index":"index","follow":"follow","max-snippet":"max-snippet:-1","max-image-preview":"max-image-preview:large","max-video-preview":"max-video-preview:-1"},"canonical":"https:\/\/matraveltransport.com\/index.php\/actividades\/","og_locale":"es_ES","og_type":"article","og_title":"Actividades - Matravel Transport","og_description":"Vive la Adrenalina Hemos seleccionado a los mejores proveedores de aventuras 4&#215;4 para que disfrutes al m\u00e1ximo tu visita a Guanajuato y San Miguel de Allende. Nos encargaremos de reservar toda tu aventura por t\u00ed. Explora los paisajes m\u00e1s impresionantes con nuestras emocionantes actividades 4&#215;4: alquila jeeps, RZRs o cuatrimotos y recorre rutas llenas de [&hellip;]","og_url":"https:\/\/matraveltransport.com\/index.php\/actividades\/","og_site_name":"Matravel Transport","article_publisher":"https:\/\/www.facebook.com\/matraveltransport","article_modified_time":"2025-01-08T16:58:46+00:00","og_image":[{"width":1920,"height":1080,"url":"https:\/\/matraveltransport.com\/wp-content\/uploads\/2025\/01\/1b426230-c9a1-4fb3-9f87-0c737016db98.jpg","type":"image\/jpeg"}],"twitter_card":"summary_large_image","twitter_misc":{"Tiempo de lectura":"3 minutos"},"schema":{"@context":"https:\/\/schema.org","@graph":[{"@type":"WebPage","@id":"https:\/\/matraveltransport.com\/index.php\/actividades\/","url":"https:\/\/matraveltransport.com\/index.php\/actividades\/","name":"Actividades - Matravel Transport","isPartOf":{"@id":"https:\/\/matraveltransport.com\/#website"},"primaryImageOfPage":{"@id":"https:\/\/matraveltransport.com\/index.php\/actividades\/#primaryimage"},"image":{"@id":"https:\/\/matraveltransport.com\/index.php\/actividades\/#primaryimage"},"thumbnailUrl":"https:\/\/matraveltransport.com\/wp-content\/uploads\/2025\/01\/1b426230-c9a1-4fb3-9f87-0c737016db98.jpg","datePublished":"2025-01-06T21:29:42+00:00","dateModified":"2025-01-08T16:58:46+00:00","breadcrumb":{"@id":"https:\/\/matraveltransport.com\/index.php\/actividades\/#breadcrumb"},"inLanguage":"es","potentialAction":[{"@type":"ReadAction","target":["https:\/\/matraveltransport.com\/index.php\/actividades\/"]}]},{"@type":"ImageObject","inLanguage":"es","@id":"https:\/\/matraveltransport.com\/index.php\/actividades\/#primaryimage","url":"https:\/\/matraveltransport.com\/wp-content\/uploads\/2025\/01\/1b426230-c9a1-4fb3-9f87-0c737016db98.jpg","contentUrl":"https:\/\/matraveltransport.com\/wp-content\/uploads\/2025\/01\/1b426230-c9a1-4fb3-9f87-0c737016db98.jpg","width":1920,"height":1080},{"@type":"BreadcrumbList","@id":"https:\/\/matraveltransport.com\/index.php\/actividades\/#breadcrumb","itemListElement":[{"@type":"ListItem","position":1,"name":"Portada","item":"https:\/\/matraveltransport.com\/"},{"@type":"ListItem","position":2,"name":"Actividades"}]},{"@type":"WebSite","@id":"https:\/\/matraveltransport.com\/#website","url":"https:\/\/matraveltransport.com\/","name":"Matravel Transport","description":"Transporte Exclusivo de pasajeros para viajes y traslados","publisher":{"@id":"https:\/\/matraveltransport.com\/#organization"},"potentialAction":[{"@type":"SearchAction","target":{"@type":"EntryPoint","urlTemplate":"https:\/\/matraveltransport.com\/?s={search_term_string}"},"query-input":{"@type":"PropertyValueSpecification","valueRequired":true,"valueName":"search_term_string"}}],"inLanguage":"es"},{"@type":"Organization","@id":"https:\/\/matraveltransport.com\/#organization","name":"Matravel Transport","url":"https:\/\/matraveltransport.com\/","logo":{"@type":"ImageObject","inLanguage":"es","@id":"https:\/\/matraveltransport.com\/#\/schema\/logo\/image\/","url":"https:\/\/matraveltransport.com\/wp-content\/uploads\/2024\/12\/cropped-LOGOS-PNG-TRANSPARENTES-11.png","contentUrl":"https:\/\/matraveltransport.com\/wp-content\/uploads\/2024\/12\/cropped-LOGOS-PNG-TRANSPARENTES-11.png","width":1651,"height":288,"caption":"Matravel Transport"},"image":{"@id":"https:\/\/matraveltransport.com\/#\/schema\/logo\/image\/"},"sameAs":["https:\/\/www.facebook.com\/matraveltransport"]}]}},"jetpack_sharing_enabled":true,"_links":{"self":[{"href":"https:\/\/matraveltransport.com\/index.php\/wp-json\/wp\/v2\/pages\/696","targetHints":{"allow":["GET"]}}],"collection":[{"href":"https:\/\/matraveltransport.com\/index.php\/wp-json\/wp\/v2\/pages"}],"about":[{"href":"https:\/\/matraveltransport.com\/index.php\/wp-json\/wp\/v2\/types\/page"}],"author":[{"embeddable":true,"href":"https:\/\/matraveltransport.com\/index.php\/wp-json\/wp\/v2\/users\/2"}],"replies":[{"embeddable":true,"href":"https:\/\/matraveltransport.com\/index.php\/wp-json\/wp\/v2\/comments?post=696"}],"version-history":[{"count":30,"href":"https:\/\/matraveltransport.com\/index.php\/wp-json\/wp\/v2\/pages\/696\/revisions"}],"predecessor-version":[{"id":841,"href":"https:\/\/matraveltransport.com\/index.php\/wp-json\/wp\/v2\/pages\/696\/revisions\/841"}],"wp:featuredmedia":[{"embeddable":true,"href":"https:\/\/matraveltransport.com\/index.php\/wp-json\/wp\/v2\/media\/750"}],"wp:attachment":[{"href":"https:\/\/matraveltransport.com\/index.php\/wp-json\/wp\/v2\/media?parent=696"}],"curies":[{"name":"wp","href":"https:\/\/api.w.org\/{rel}","templated":true}]}}