{"id":99,"date":"2024-12-30T21:50:57","date_gmt":"2024-12-30T21:50:57","guid":{"rendered":"https:\/\/matraveltransport.com\/?page_id=99"},"modified":"2025-01-05T02:25:05","modified_gmt":"2025-01-05T02:25:05","slug":"viajes-turisticos","status":"publish","type":"page","link":"https:\/\/matraveltransport.com\/index.php\/viajes-turisticos\/","title":{"rendered":"Viajes Tur\u00edsticos"},"content":{"rendered":"\n<p class=\"p1\">En Matravel Transport, ofrecemos viajes tur\u00edsticos personalizados a los destinos m\u00e1s exclusivos, <span style=\"font-size: revert;\">con unidades de lujo para 14, 16 y 20 pasajeros. Garantizamos comodidad, seguridad y un servicio <\/span><span style=\"font-size: revert;\">de alta calidad para que disfrutes de una experiencia \u00fanica e inolvidable en cada recorrido.<\/span><\/p>\n\n\n\n<h5 class=\"wp-block-heading p1\">Viajes Tur\u00edsticos a Cualquier Lugar o Ciudad de la Rep\u00fablica<\/h5>\n\n\n\n<div class=\"wp-block-columns is-layout-flex wp-container-core-columns-is-layout-9d6595d7 wp-block-columns-is-layout-flex\">\n<div class=\"wp-block-column is-layout-flow wp-block-column-is-layout-flow\">\n<figure class=\"wp-block-image size-full is-style-rounded\"><img loading=\"lazy\" decoding=\"async\" width=\"1082\" height=\"1080\" src=\"https:\/\/matraveltransport.com\/wp-content\/uploads\/2024\/12\/malecon-playa-e1735408887718.jpeg\" alt=\"\" class=\"wp-image-82\" srcset=\"https:\/\/matraveltransport.com\/wp-content\/uploads\/2024\/12\/malecon-playa-e1735408887718.jpeg 1082w, https:\/\/matraveltransport.com\/wp-content\/uploads\/2024\/12\/malecon-playa-e1735408887718-300x300.jpeg 300w, https:\/\/matraveltransport.com\/wp-content\/uploads\/2024\/12\/malecon-playa-e1735408887718-1024x1022.jpeg 1024w, https:\/\/matraveltransport.com\/wp-content\/uploads\/2024\/12\/malecon-playa-e1735408887718-150x150.jpeg 150w, https:\/\/matraveltransport.com\/wp-content\/uploads\/2024\/12\/malecon-playa-e1735408887718-768x767.jpeg 768w\" sizes=\"auto, (max-width: 1082px) 100vw, 1082px\" \/><\/figure>\n\n\n\n<h5 class=\"wp-block-heading has-text-align-center p1\">Viaje a Playas<\/h5>\n\n\n\n<p class=\"has-text-align-center p1\">Escapadas a las mejores playas del pa\u00eds para disfrutar del sol, mar y actividades acu\u00e1ticas.<\/p>\n<\/div>\n\n\n\n<div class=\"wp-block-column is-layout-flow wp-block-column-is-layout-flow\">\n<figure class=\"wp-block-image size-full is-style-rounded\"><img loading=\"lazy\" decoding=\"async\" width=\"1024\" height=\"1024\" src=\"https:\/\/matraveltransport.com\/wp-content\/uploads\/2025\/01\/arqueologica.webp\" alt=\"\" class=\"wp-image-557\" srcset=\"https:\/\/matraveltransport.com\/wp-content\/uploads\/2025\/01\/arqueologica.webp 1024w, https:\/\/matraveltransport.com\/wp-content\/uploads\/2025\/01\/arqueologica-300x300.webp 300w, https:\/\/matraveltransport.com\/wp-content\/uploads\/2025\/01\/arqueologica-150x150.webp 150w, https:\/\/matraveltransport.com\/wp-content\/uploads\/2025\/01\/arqueologica-768x768.webp 768w\" sizes=\"auto, (max-width: 1024px) 100vw, 1024px\" \/><\/figure>\n\n\n\n<h5 class=\"wp-block-heading has-text-align-center p1\">Viaje a Zonas Arqueol\u00f3gicas<\/h5>\n\n\n\n<p class=\"has-text-align-center p1\">Exploraciones a importantes sitios arqueol\u00f3gicos para conocer la historia y cultura <span style=\"font-size: revert;\">ancestral.<\/span><\/p>\n<\/div>\n\n\n\n<div class=\"wp-block-column is-layout-flow wp-block-column-is-layout-flow\">\n<figure class=\"wp-block-image size-large is-style-rounded\"><img loading=\"lazy\" decoding=\"async\" width=\"1024\" height=\"1024\" src=\"https:\/\/matraveltransport.com\/wp-content\/uploads\/2025\/01\/SMA-1024x1024.webp\" alt=\"\" class=\"wp-image-470\" srcset=\"https:\/\/matraveltransport.com\/wp-content\/uploads\/2025\/01\/SMA-1024x1024.webp 1024w, https:\/\/matraveltransport.com\/wp-content\/uploads\/2025\/01\/SMA-300x300.webp 300w, https:\/\/matraveltransport.com\/wp-content\/uploads\/2025\/01\/SMA-150x150.webp 150w, https:\/\/matraveltransport.com\/wp-content\/uploads\/2025\/01\/SMA-768x767.webp 768w, https:\/\/matraveltransport.com\/wp-content\/uploads\/2025\/01\/SMA.webp 1500w\" sizes=\"auto, (max-width: 1024px) 100vw, 1024px\" \/><\/figure>\n\n\n\n<h5 class=\"wp-block-heading has-text-align-center p1\">Viaje a Ciudades Tur\u00edsticas<\/h5>\n\n\n\n<p class=\"has-text-align-center p1\">Visitas a ciudades reconocidas por su patrimonio cultural y atractivos tur\u00edsticos.<\/p>\n<\/div>\n<\/div>\n\n\n\n<h5 class=\"wp-block-heading p1\"><\/h5>\n\n\n\n<div class=\"wp-block-columns is-layout-flex wp-container-core-columns-is-layout-9d6595d7 wp-block-columns-is-layout-flex\">\n<div class=\"wp-block-column is-layout-flow wp-block-column-is-layout-flow\">\n<figure class=\"wp-block-image size-full is-style-rounded\"><img loading=\"lazy\" decoding=\"async\" width=\"1200\" height=\"1200\" src=\"https:\/\/matraveltransport.com\/wp-content\/uploads\/2025\/01\/ciudad_de_mexico_sixflags.jpg\" alt=\"\" class=\"wp-image-571\" srcset=\"https:\/\/matraveltransport.com\/wp-content\/uploads\/2025\/01\/ciudad_de_mexico_sixflags.jpg 1200w, https:\/\/matraveltransport.com\/wp-content\/uploads\/2025\/01\/ciudad_de_mexico_sixflags-300x300.jpg 300w, https:\/\/matraveltransport.com\/wp-content\/uploads\/2025\/01\/ciudad_de_mexico_sixflags-1024x1024.jpg 1024w, https:\/\/matraveltransport.com\/wp-content\/uploads\/2025\/01\/ciudad_de_mexico_sixflags-150x150.jpg 150w, https:\/\/matraveltransport.com\/wp-content\/uploads\/2025\/01\/ciudad_de_mexico_sixflags-768x768.jpg 768w\" sizes=\"auto, (max-width: 1200px) 100vw, 1200px\" \/><\/figure>\n\n\n\n<h5 class=\"wp-block-heading has-text-align-center p1\">Viaje a Parques Tem\u00e1ticos<\/h5>\n\n\n\n<p class=\"has-text-align-center\">D\u00edas de diversi\u00f3n en parques de atracciones y tem\u00e1ticos con diversas actividades.<\/p>\n<\/div>\n\n\n\n<div class=\"wp-block-column is-layout-flow wp-block-column-is-layout-flow\">\n<figure class=\"wp-block-image size-full is-style-rounded\"><img loading=\"lazy\" decoding=\"async\" width=\"1200\" height=\"1200\" src=\"https:\/\/matraveltransport.com\/wp-content\/uploads\/2025\/01\/view-from-restaurant.jpg\" alt=\"\" class=\"wp-image-572\" srcset=\"https:\/\/matraveltransport.com\/wp-content\/uploads\/2025\/01\/view-from-restaurant.jpg 1200w, https:\/\/matraveltransport.com\/wp-content\/uploads\/2025\/01\/view-from-restaurant-300x300.jpg 300w, https:\/\/matraveltransport.com\/wp-content\/uploads\/2025\/01\/view-from-restaurant-1024x1024.jpg 1024w, https:\/\/matraveltransport.com\/wp-content\/uploads\/2025\/01\/view-from-restaurant-150x150.jpg 150w, https:\/\/matraveltransport.com\/wp-content\/uploads\/2025\/01\/view-from-restaurant-768x768.jpg 768w\" sizes=\"auto, (max-width: 1200px) 100vw, 1200px\" \/><\/figure>\n\n\n\n<h5 class=\"wp-block-heading has-text-align-center p1\">Viaje a Pueblos M\u00e1gicos<\/h5>\n\n\n\n<p class=\"has-text-align-center p1\">Descubrimiento de la magia y tradici\u00f3n de pueblos con encanto y rica cultura.<\/p>\n<\/div>\n\n\n\n<div class=\"wp-block-column is-layout-flow wp-block-column-is-layout-flow\">\n<figure class=\"wp-block-image size-full is-style-rounded\"><img loading=\"lazy\" decoding=\"async\" width=\"1024\" height=\"1024\" src=\"https:\/\/matraveltransport.com\/wp-content\/uploads\/2025\/01\/casa-madero-1.jpg.webp\" alt=\"\" class=\"wp-image-573\" srcset=\"https:\/\/matraveltransport.com\/wp-content\/uploads\/2025\/01\/casa-madero-1.jpg.webp 1024w, https:\/\/matraveltransport.com\/wp-content\/uploads\/2025\/01\/casa-madero-1.jpg-300x300.webp 300w, https:\/\/matraveltransport.com\/wp-content\/uploads\/2025\/01\/casa-madero-1.jpg-150x150.webp 150w, https:\/\/matraveltransport.com\/wp-content\/uploads\/2025\/01\/casa-madero-1.jpg-768x768.webp 768w\" sizes=\"auto, (max-width: 1024px) 100vw, 1024px\" \/><\/figure>\n\n\n\n<h5 class=\"wp-block-heading has-text-align-center p1\">Vi\u00f1edos y Rutas del Vino<\/h5>\n\n\n\n<p class=\"has-text-align-center p1\">Recorridos por rutas vin\u00edcolas para degustar vinos y conocer el proceso de producci\u00f3n.<\/p>\n<\/div>\n<\/div>\n\n\n\n<h5 class=\"wp-block-heading p1\"><strong>\u00bfA d\u00f3nde QUIERES TUS VACACIONES?<\/strong><\/h5>\n\n\n\n<p>Haz clic&nbsp;<a href=\"https:\/\/wa.link\/5evie6\">aqu\u00ed<\/a>&nbsp;para contactarnos v\u00eda WhatsApp<\/p>\n","protected":false},"excerpt":{"rendered":"<p>En Matravel Transport, ofrecemos viajes tur\u00edsticos personalizados a los destinos m\u00e1s exclusivos, con unidades de lujo para 14, 16 y 20 pasajeros. Garantizamos comodidad, seguridad y un servicio de alta calidad para que disfrutes de una experiencia \u00fanica e inolvidable en cada recorrido. Viajes Tur\u00edsticos a Cualquier Lugar o Ciudad de la Rep\u00fablica Viaje a [&hellip;]<\/p>\n","protected":false},"author":2,"featured_media":0,"parent":0,"menu_order":0,"comment_status":"closed","ping_status":"closed","template":"","meta":{"_joinchat":[],"footnotes":""},"class_list":["post-99","page","type-page","status-publish","hentry"],"yoast_head":"<!-- This site is optimized with the Yoast SEO plugin v24.2 - https:\/\/yoast.com\/wordpress\/plugins\/seo\/ -->\n<title>Viajes Tur\u00edsticos - Matravel Transport<\/title>\n<meta name=\"robots\" content=\"index, follow, max-snippet:-1, max-image-preview:large, max-video-preview:-1\" \/>\n<link rel=\"canonical\" href=\"https:\/\/matraveltransport.com\/index.php\/viajes-turisticos\/\" \/>\n<meta property=\"og:locale\" content=\"es_ES\" \/>\n<meta property=\"og:type\" content=\"article\" \/>\n<meta property=\"og:title\" content=\"Viajes Tur\u00edsticos - Matravel Transport\" \/>\n<meta property=\"og:description\" content=\"En Matravel Transport, ofrecemos viajes tur\u00edsticos personalizados a los destinos m\u00e1s exclusivos, con unidades de lujo para 14, 16 y 20 pasajeros. Garantizamos comodidad, seguridad y un servicio de alta calidad para que disfrutes de una experiencia \u00fanica e inolvidable en cada recorrido. Viajes Tur\u00edsticos a Cualquier Lugar o Ciudad de la Rep\u00fablica Viaje a [&hellip;]\" \/>\n<meta property=\"og:url\" content=\"https:\/\/matraveltransport.com\/index.php\/viajes-turisticos\/\" \/>\n<meta property=\"og:site_name\" content=\"Matravel Transport\" \/>\n<meta property=\"article:publisher\" content=\"https:\/\/www.facebook.com\/matraveltransport\" \/>\n<meta property=\"article:modified_time\" content=\"2025-01-05T02:25:05+00:00\" \/>\n<meta property=\"og:image\" content=\"https:\/\/matraveltransport.com\/wp-content\/uploads\/2024\/12\/malecon-playa-e1735408887718.jpeg\" \/>\n\t<meta property=\"og:image:width\" content=\"1082\" \/>\n\t<meta property=\"og:image:height\" content=\"1080\" \/>\n\t<meta property=\"og:image:type\" content=\"image\/jpeg\" \/>\n<meta name=\"twitter:card\" content=\"summary_large_image\" \/>\n<meta name=\"twitter:label1\" content=\"Tiempo de lectura\" \/>\n\t<meta name=\"twitter:data1\" content=\"1 minuto\" \/>\n<script type=\"application\/ld+json\" class=\"yoast-schema-graph\">{\"@context\":\"https:\/\/schema.org\",\"@graph\":[{\"@type\":\"WebPage\",\"@id\":\"https:\/\/matraveltransport.com\/index.php\/viajes-turisticos\/\",\"url\":\"https:\/\/matraveltransport.com\/index.php\/viajes-turisticos\/\",\"name\":\"Viajes Tur\u00edsticos - Matravel Transport\",\"isPartOf\":{\"@id\":\"https:\/\/matraveltransport.com\/#website\"},\"primaryImageOfPage\":{\"@id\":\"https:\/\/matraveltransport.com\/index.php\/viajes-turisticos\/#primaryimage\"},\"image\":{\"@id\":\"https:\/\/matraveltransport.com\/index.php\/viajes-turisticos\/#primaryimage\"},\"thumbnailUrl\":\"https:\/\/matraveltransport.com\/wp-content\/uploads\/2024\/12\/malecon-playa-e1735408887718.jpeg\",\"datePublished\":\"2024-12-30T21:50:57+00:00\",\"dateModified\":\"2025-01-05T02:25:05+00:00\",\"breadcrumb\":{\"@id\":\"https:\/\/matraveltransport.com\/index.php\/viajes-turisticos\/#breadcrumb\"},\"inLanguage\":\"es\",\"potentialAction\":[{\"@type\":\"ReadAction\",\"target\":[\"https:\/\/matraveltransport.com\/index.php\/viajes-turisticos\/\"]}]},{\"@type\":\"ImageObject\",\"inLanguage\":\"es\",\"@id\":\"https:\/\/matraveltransport.com\/index.php\/viajes-turisticos\/#primaryimage\",\"url\":\"https:\/\/matraveltransport.com\/wp-content\/uploads\/2024\/12\/malecon-playa-e1735408887718.jpeg\",\"contentUrl\":\"https:\/\/matraveltransport.com\/wp-content\/uploads\/2024\/12\/malecon-playa-e1735408887718.jpeg\",\"width\":1082,\"height\":1080},{\"@type\":\"BreadcrumbList\",\"@id\":\"https:\/\/matraveltransport.com\/index.php\/viajes-turisticos\/#breadcrumb\",\"itemListElement\":[{\"@type\":\"ListItem\",\"position\":1,\"name\":\"Portada\",\"item\":\"https:\/\/matraveltransport.com\/\"},{\"@type\":\"ListItem\",\"position\":2,\"name\":\"Viajes Tur\u00edsticos\"}]},{\"@type\":\"WebSite\",\"@id\":\"https:\/\/matraveltransport.com\/#website\",\"url\":\"https:\/\/matraveltransport.com\/\",\"name\":\"Matravel Transport\",\"description\":\"Transporte Exclusivo de pasajeros para viajes y traslados\",\"publisher\":{\"@id\":\"https:\/\/matraveltransport.com\/#organization\"},\"potentialAction\":[{\"@type\":\"SearchAction\",\"target\":{\"@type\":\"EntryPoint\",\"urlTemplate\":\"https:\/\/matraveltransport.com\/?s={search_term_string}\"},\"query-input\":{\"@type\":\"PropertyValueSpecification\",\"valueRequired\":true,\"valueName\":\"search_term_string\"}}],\"inLanguage\":\"es\"},{\"@type\":\"Organization\",\"@id\":\"https:\/\/matraveltransport.com\/#organization\",\"name\":\"Matravel Transport\",\"url\":\"https:\/\/matraveltransport.com\/\",\"logo\":{\"@type\":\"ImageObject\",\"inLanguage\":\"es\",\"@id\":\"https:\/\/matraveltransport.com\/#\/schema\/logo\/image\/\",\"url\":\"https:\/\/matraveltransport.com\/wp-content\/uploads\/2024\/12\/cropped-LOGOS-PNG-TRANSPARENTES-11.png\",\"contentUrl\":\"https:\/\/matraveltransport.com\/wp-content\/uploads\/2024\/12\/cropped-LOGOS-PNG-TRANSPARENTES-11.png\",\"width\":1651,\"height\":288,\"caption\":\"Matravel Transport\"},\"image\":{\"@id\":\"https:\/\/matraveltransport.com\/#\/schema\/logo\/image\/\"},\"sameAs\":[\"https:\/\/www.facebook.com\/matraveltransport\"]}]}<\/script>\n<!-- \/ Yoast SEO plugin. -->","yoast_head_json":{"title":"Viajes Tur\u00edsticos - Matravel Transport","robots":{"index":"index","follow":"follow","max-snippet":"max-snippet:-1","max-image-preview":"max-image-preview:large","max-video-preview":"max-video-preview:-1"},"canonical":"https:\/\/matraveltransport.com\/index.php\/viajes-turisticos\/","og_locale":"es_ES","og_type":"article","og_title":"Viajes Tur\u00edsticos - Matravel Transport","og_description":"En Matravel Transport, ofrecemos viajes tur\u00edsticos personalizados a los destinos m\u00e1s exclusivos, con unidades de lujo para 14, 16 y 20 pasajeros. Garantizamos comodidad, seguridad y un servicio de alta calidad para que disfrutes de una experiencia \u00fanica e inolvidable en cada recorrido. Viajes Tur\u00edsticos a Cualquier Lugar o Ciudad de la Rep\u00fablica Viaje a [&hellip;]","og_url":"https:\/\/matraveltransport.com\/index.php\/viajes-turisticos\/","og_site_name":"Matravel Transport","article_publisher":"https:\/\/www.facebook.com\/matraveltransport","article_modified_time":"2025-01-05T02:25:05+00:00","og_image":[{"width":1082,"height":1080,"url":"https:\/\/matraveltransport.com\/wp-content\/uploads\/2024\/12\/malecon-playa-e1735408887718.jpeg","type":"image\/jpeg"}],"twitter_card":"summary_large_image","twitter_misc":{"Tiempo de lectura":"1 minuto"},"schema":{"@context":"https:\/\/schema.org","@graph":[{"@type":"WebPage","@id":"https:\/\/matraveltransport.com\/index.php\/viajes-turisticos\/","url":"https:\/\/matraveltransport.com\/index.php\/viajes-turisticos\/","name":"Viajes Tur\u00edsticos - Matravel Transport","isPartOf":{"@id":"https:\/\/matraveltransport.com\/#website"},"primaryImageOfPage":{"@id":"https:\/\/matraveltransport.com\/index.php\/viajes-turisticos\/#primaryimage"},"image":{"@id":"https:\/\/matraveltransport.com\/index.php\/viajes-turisticos\/#primaryimage"},"thumbnailUrl":"https:\/\/matraveltransport.com\/wp-content\/uploads\/2024\/12\/malecon-playa-e1735408887718.jpeg","datePublished":"2024-12-30T21:50:57+00:00","dateModified":"2025-01-05T02:25:05+00:00","breadcrumb":{"@id":"https:\/\/matraveltransport.com\/index.php\/viajes-turisticos\/#breadcrumb"},"inLanguage":"es","potentialAction":[{"@type":"ReadAction","target":["https:\/\/matraveltransport.com\/index.php\/viajes-turisticos\/"]}]},{"@type":"ImageObject","inLanguage":"es","@id":"https:\/\/matraveltransport.com\/index.php\/viajes-turisticos\/#primaryimage","url":"https:\/\/matraveltransport.com\/wp-content\/uploads\/2024\/12\/malecon-playa-e1735408887718.jpeg","contentUrl":"https:\/\/matraveltransport.com\/wp-content\/uploads\/2024\/12\/malecon-playa-e1735408887718.jpeg","width":1082,"height":1080},{"@type":"BreadcrumbList","@id":"https:\/\/matraveltransport.com\/index.php\/viajes-turisticos\/#breadcrumb","itemListElement":[{"@type":"ListItem","position":1,"name":"Portada","item":"https:\/\/matraveltransport.com\/"},{"@type":"ListItem","position":2,"name":"Viajes Tur\u00edsticos"}]},{"@type":"WebSite","@id":"https:\/\/matraveltransport.com\/#website","url":"https:\/\/matraveltransport.com\/","name":"Matravel Transport","description":"Transporte Exclusivo de pasajeros para viajes y traslados","publisher":{"@id":"https:\/\/matraveltransport.com\/#organization"},"potentialAction":[{"@type":"SearchAction","target":{"@type":"EntryPoint","urlTemplate":"https:\/\/matraveltransport.com\/?s={search_term_string}"},"query-input":{"@type":"PropertyValueSpecification","valueRequired":true,"valueName":"search_term_string"}}],"inLanguage":"es"},{"@type":"Organization","@id":"https:\/\/matraveltransport.com\/#organization","name":"Matravel Transport","url":"https:\/\/matraveltransport.com\/","logo":{"@type":"ImageObject","inLanguage":"es","@id":"https:\/\/matraveltransport.com\/#\/schema\/logo\/image\/","url":"https:\/\/matraveltransport.com\/wp-content\/uploads\/2024\/12\/cropped-LOGOS-PNG-TRANSPARENTES-11.png","contentUrl":"https:\/\/matraveltransport.com\/wp-content\/uploads\/2024\/12\/cropped-LOGOS-PNG-TRANSPARENTES-11.png","width":1651,"height":288,"caption":"Matravel Transport"},"image":{"@id":"https:\/\/matraveltransport.com\/#\/schema\/logo\/image\/"},"sameAs":["https:\/\/www.facebook.com\/matraveltransport"]}]}},"jetpack_sharing_enabled":true,"_links":{"self":[{"href":"https:\/\/matraveltransport.com\/index.php\/wp-json\/wp\/v2\/pages\/99","targetHints":{"allow":["GET"]}}],"collection":[{"href":"https:\/\/matraveltransport.com\/index.php\/wp-json\/wp\/v2\/pages"}],"about":[{"href":"https:\/\/matraveltransport.com\/index.php\/wp-json\/wp\/v2\/types\/page"}],"author":[{"embeddable":true,"href":"https:\/\/matraveltransport.com\/index.php\/wp-json\/wp\/v2\/users\/2"}],"replies":[{"embeddable":true,"href":"https:\/\/matraveltransport.com\/index.php\/wp-json\/wp\/v2\/comments?post=99"}],"version-history":[{"count":13,"href":"https:\/\/matraveltransport.com\/index.php\/wp-json\/wp\/v2\/pages\/99\/revisions"}],"predecessor-version":[{"id":639,"href":"https:\/\/matraveltransport.com\/index.php\/wp-json\/wp\/v2\/pages\/99\/revisions\/639"}],"wp:attachment":[{"href":"https:\/\/matraveltransport.com\/index.php\/wp-json\/wp\/v2\/media?parent=99"}],"curies":[{"name":"wp","href":"https:\/\/api.w.org\/{rel}","templated":true}]}}